{"id":712,"date":"2020-03-08T17:22:36","date_gmt":"2020-03-08T16:22:36","guid":{"rendered":"http:\/\/www.aef.nu\/?page_id=712"},"modified":"2020-03-08T17:35:16","modified_gmt":"2020-03-08T16:35:16","slug":"aef-2019","status":"publish","type":"page","link":"https:\/\/www.aef.nu\/?page_id=712","title":{"rendered":"\u00c4EF 2019"},"content":{"rendered":"\n<div class=\"wp-block-themeisle-blocks-advanced-columns has-2-columns has-desktop-equal-layout has-tablet-equal-layout has-mobile-collapsedRows-layout has-default-gap has-vertical-unset\" id=\"wp-block-themeisle-blocks-advanced-columns-8b4af332\"><div class=\"wp-block-themeisle-blocks-advanced-columns-overlay\"><\/div><div class=\"innerblocks-wrap\">\n<div class=\"wp-block-themeisle-blocks-advanced-column\" id=\"wp-block-themeisle-blocks-advanced-column-73f327e0\">\n<p> <strong><a href=\"http:\/\/www.aef.nu\/?page_id=76\">H\u00f6stm\u00f6tet den 5 november<\/a>&nbsp;med Kommunpolis Linda Bergvall och Stadsarkitekt Bj\u00f6rn Siesj\u00f6<\/strong> <\/p>\n<\/div>\n\n\n\n<div class=\"wp-block-themeisle-blocks-advanced-column\" id=\"wp-block-themeisle-blocks-advanced-column-c2752d72\">\n<p> <strong>Guidad h\u00f6stvandring i Ekeb\u00e4ck 20 oktober.<\/strong>&nbsp;<a href=\"http:\/\/www.aef.nu\/?page_id=556\">Se bilder fr\u00e5n h\u00f6stvandringen h\u00e4r.<\/a> <\/p>\n<\/div>\n<\/div><\/div>\n\n\n\n<p><a href=\"http:\/\/aef.nu\">\u00c5ter till f\u00f6rstasidan<\/a><\/p>\n","protected":false},"excerpt":{"rendered":"<p>\u00c5ter till f\u00f6rstasidan<\/p>\n","protected":false},"author":1,"featured_media":0,"parent":0,"menu_order":0,"comment_status":"closed","ping_status":"closed","template":"","meta":{"footnotes":""},"class_list":["post-712","page","type-page","status-publish","hentry","post"],"_links":{"self":[{"href":"https:\/\/www.aef.nu\/index.php?rest_route=\/wp\/v2\/pages\/712","targetHints":{"allow":["GET"]}}],"collection":[{"href":"https:\/\/www.aef.nu\/index.php?rest_route=\/wp\/v2\/pages"}],"about":[{"href":"https:\/\/www.aef.nu\/index.php?rest_route=\/wp\/v2\/types\/page"}],"author":[{"embeddable":true,"href":"https:\/\/www.aef.nu\/index.php?rest_route=\/wp\/v2\/users\/1"}],"replies":[{"embeddable":true,"href":"https:\/\/www.aef.nu\/index.php?rest_route=%2Fwp%2Fv2%2Fcomments&post=712"}],"version-history":[{"count":4,"href":"https:\/\/www.aef.nu\/index.php?rest_route=\/wp\/v2\/pages\/712\/revisions"}],"predecessor-version":[{"id":3790,"href":"https:\/\/www.aef.nu\/index.php?rest_route=\/wp\/v2\/pages\/712\/revisions\/3790"}],"wp:attachment":[{"href":"https:\/\/www.aef.nu\/index.php?rest_route=%2Fwp%2Fv2%2Fmedia&parent=712"}],"curies":[{"name":"wp","href":"https:\/\/api.w.org\/{rel}","templated":true}]}}