{"id":71,"date":"2018-10-29T20:53:34","date_gmt":"2018-10-29T19:53:34","guid":{"rendered":"http:\/\/www.aef.nu\/?page_id=71"},"modified":"2020-11-17T11:36:28","modified_gmt":"2020-11-17T10:36:28","slug":"arsmote","status":"publish","type":"page","link":"https:\/\/www.aef.nu\/?page_id=71","title":{"rendered":"17\/11 2020: Protokoll fr\u00e5n \u00c4EFs \u00e5rsm\u00f6te 2020 p\u00e5 distans"},"content":{"rendered":"\n<p>\u00c4EFs \u00e5rsm\u00f6te p\u00e5 distans avslutades den 2 november. Protokollet f\u00f6rdes vid styrelsem\u00f6te 10 november, och har publicerats som inl\u00e4gg p\u00e5 hemsidan. Samtidigt h\u00f6lls konstituerande styrelsem\u00f6te d\u00e4r vi f\u00f6rdelade poster inom styrelsen. Dessa finns att se under fliken &#8221;\u00c4EF Styrelse&#8221; p\u00e5 hemsidan.<\/p>\n\n\n\n<h2 class=\"wp-block-heading\">4\/11 2020: \u00c4EFs \u00e5rsm\u00f6te p\u00e5 distans avslutat<\/h2>\n\n\n\n<p>S\u00e5 har vi d\u00e5 h\u00e5llit \u00e5rsm\u00f6tet p\u00e5 distans. Det blir ju v\u00e4ldigt annorlunda, ingen acklamation, ingen fika ingen pausmusik. Men vad skall man g\u00f6ra? <\/p>\n\n\n\n<p>Som ordf\u00f6rande tackar jag f\u00f6r de synpunkter som har kommit in. Jag \u00e5terkommer i rapporteringen av \u00e5rsm\u00f6tet och hur vi behandlar dessa och hur vi g\u00e5r vidare. Detta kommer att ske som utskick till medlemmarna s\u00e5 att alla kan ta del. Jag kommer ocks\u00e5 att l\u00e4gga ut information \u00e4r p\u00e5 hemsiden.<\/p>\n\n\n\n<h2 class=\"wp-block-heading\">19\/10 2020: \u00c4EFs \u00e5rsm\u00f6te p\u00e5 distans<\/h2>\n\n\n\n<p>P\u00e5 grund av corona-pandemin st\u00e4llde vi tills vidare in \u00e5rsm\u00f6tet som ursprungligen planerades till 2 april. Styrelsen beslutade 17\/9 2020 att h\u00e5lla \u00e5rsm\u00f6tet p\u00e5 distans ist\u00e4llet. <\/p>\n\n\n\n<p>\u00c5rsm\u00f6tet h\u00e5lls \u00f6ppet fr\u00e5n 19\/10 till 2\/11 2020. Medlemmarna \u00e4r v\u00e4lkomna med inl\u00e4gg per brev eller email. Styrelsen kommer att redovisa dessa och f\u00f6rslag p\u00e5 \u00e5tg\u00e4rder i ett medlemsutskick efter avslutat \u00e5rsm\u00f6te. De som vill kan ocks\u00e5 f\u00e5 sina synpunkter publicerade som inl\u00e4gg h\u00e4r p\u00e5 hemsidan. <\/p>\n\n\n\n<p>\u00c5rsm\u00f6teshandlingar skickades ut med vanlig post till samtliga medlemmar (f.n. 313, allts\u00e5 n\u00e5got fler \u00e4n vad det st\u00e5r i handlingarna). De finns \u00e4ven att h\u00e4mta h\u00e4r nedan: <\/p>\n\n\n\n<div class=\"wp-block-file\"><a href=\"http:\/\/www.aef.nu\/wp-content\/uploads\/2020\/10\/\u00c5rsm\u00f6te-p\u00e5-distans-2020-enkelsidor-22-sept-4.pdf\">\u00c5rsm\u00f6te p\u00e5 distans-2020<\/a><a href=\"http:\/\/www.aef.nu\/wp-content\/uploads\/2020\/10\/\u00c5rsm\u00f6te-p\u00e5-distans-2020-enkelsidor-22-sept-4.pdf\" class=\"wp-block-file__button\" download>Ladda ner<\/a><\/div>\n\n\n\n<p>Anders Elleg\u00e5rd, Ordf\u00f6rande \u00c4EF<\/p>\n\n\n\n<p><em>\u00c4nnu inte Medlem? Inga problem. <\/em> Betala \u00e5rsavgiften till bankgironummer 5159-2152 innan m\u00f6tet.&nbsp; Gl\u00f6m inte att ange eget namn och adress p\u00e5 talonger eller i informationsf\u00e4lt vid databetalning.  <\/p>\n","protected":false},"excerpt":{"rendered":"<p>\u00c4EFs \u00e5rsm\u00f6te p\u00e5 distans avslutades den 2 november. Protokollet f\u00f6rdes vid styrelsem\u00f6te 10 november, och har publicerats som inl\u00e4gg p\u00e5 hemsidan. Samtidigt h\u00f6lls konstituerande styrelsem\u00f6te d\u00e4r vi f\u00f6rdelade poster inom styrelsen. Dessa finns att se under fliken &#8221;\u00c4EF Styrelse&#8221; p\u00e5 hemsidan. 4\/11 2020: \u00c4EFs \u00e5rsm\u00f6te p\u00e5 distans avslutat S\u00e5 har vi d\u00e5 h\u00e5llit \u00e5rsm\u00f6tet p\u00e5 [&hellip;]<\/p>\n","protected":false},"author":1,"featured_media":0,"parent":0,"menu_order":0,"comment_status":"closed","ping_status":"closed","template":"","meta":{"footnotes":""},"class_list":["post-71","page","type-page","status-publish","hentry","post"],"_links":{"self":[{"href":"https:\/\/www.aef.nu\/index.php?rest_route=\/wp\/v2\/pages\/71","targetHints":{"allow":["GET"]}}],"collection":[{"href":"https:\/\/www.aef.nu\/index.php?rest_route=\/wp\/v2\/pages"}],"about":[{"href":"https:\/\/www.aef.nu\/index.php?rest_route=\/wp\/v2\/types\/page"}],"author":[{"embeddable":true,"href":"https:\/\/www.aef.nu\/index.php?rest_route=\/wp\/v2\/users\/1"}],"replies":[{"embeddable":true,"href":"https:\/\/www.aef.nu\/index.php?rest_route=%2Fwp%2Fv2%2Fcomments&post=71"}],"version-history":[{"count":23,"href":"https:\/\/www.aef.nu\/index.php?rest_route=\/wp\/v2\/pages\/71\/revisions"}],"predecessor-version":[{"id":1004,"href":"https:\/\/www.aef.nu\/index.php?rest_route=\/wp\/v2\/pages\/71\/revisions\/1004"}],"wp:attachment":[{"href":"https:\/\/www.aef.nu\/index.php?rest_route=%2Fwp%2Fv2%2Fmedia&parent=71"}],"curies":[{"name":"wp","href":"https:\/\/api.w.org\/{rel}","templated":true}]}}