{"id":663,"date":"2020-01-24T18:30:57","date_gmt":"2020-01-24T17:30:57","guid":{"rendered":"http:\/\/www.aef.nu\/?page_id=663"},"modified":"2021-02-26T16:03:15","modified_gmt":"2021-02-26T15:03:15","slug":"nya-parkeringsplatser-pa-fyllet-vid-langedrag-hinsholmen","status":"publish","type":"page","link":"https:\/\/www.aef.nu\/?page_id=663","title":{"rendered":"Nya parkeringsplatser p\u00e5 fyllet vid L\u00e5ngedrag-Hinsholmen"},"content":{"rendered":"<h3>Februari 2021: Parkeringsbolaget har m\u00e5nga \u00e5tg\u00e4rder p\u00e5 g\u00e5ng. H\u00e4r finns en <a href=\"https:\/\/www.parkeringgoteborg.se\/saltholmen\/\">l\u00e4nk till deras information<\/a>.<\/h3>\n<h3>April 2020: Byggnadsn\u00e4mnden bif\u00f6ll f\u00f6rslaget att bygga &#8221;tillf\u00e4lliga&#8221; parkeringsplatser vid L\u00e5ngedrag. Se l\u00e4ngst ner p\u00e5 sidan h\u00e4r.<\/h3>\n<p>G\u00f6teborgs Stads Parkeringsbolag (P-bolaget)\u00a0 ans\u00f6kte den 18 december 2019 om &#8221;tillf\u00e4lligt&#8221; bygglov f\u00f6r ytterligare parkeringsplatser p\u00e5 fyllet. Anl\u00e4ggningsarbetena skall p\u00e5b\u00f6rjas redan den f\u00f6rste april 2020. Det var endast de n\u00e4rmast ber\u00f6rda grannarna som erbj\u00f6ds m\u00f6jlighet att yttra sig, och de fick bara tv\u00e5 veckors bet\u00e4nketid (till 2020-01-27). P\u00e5 grund av v\u00e5ra kontakter med boende i \u00c4lvsborg kom \u00e4rendet till v\u00e5r k\u00e4nnedom. Vi \u00e4r emot denna utveckling, och skickade en inlaga till Stadsbyggnadskontoret:<\/p>\n<p><a href=\"http:\/\/www.aef.nu\/wp-content\/uploads\/2020\/01\/\u00c4EF-inlaga-i-\u00c4rende-BN-2019-010405.pdf\">\u00c4EF inlaga i \u00c4rende BN 2019-010405<\/a><\/p>\n<p>En n\u00e4rboende har ocks\u00e5 sammanst\u00e4llt synpunkter i \u00e4rendet:<\/p>\n<p><a href=\"http:\/\/www.aef.nu\/wp-content\/uploads\/2020\/01\/Synpunkter-kring-bygglov-2020-01-19-3.pdf\">Synpunkter kring bygglov 2020-01-19 3<\/a><\/p>\n<p>f\u00f6r den s\u00e4rskilt intresserade finns dessa handlingar p\u00e5 Stadbyggnadskontoret:<\/p>\n<p><a href=\"http:\/\/www.aef.nu\/wp-content\/uploads\/2020\/01\/Handlingf\u00f6rteckning-Bygglov-1.pdf-1.pdf\">Handlingf\u00f6rteckning Bygglov.pdf<\/a><\/p>\n<p><a href=\"http:\/\/www.aef.nu\/wp-content\/uploads\/2020\/01\/Ans\u00f6kan-bygglov-191218-p-1.pdf-1.pdf\">Ans\u00f6kan bygglov 191218 p.pdf<\/a><\/p>\n<p><a href=\"http:\/\/www.aef.nu\/wp-content\/uploads\/2020\/01\/L-10-1-001.pdf.pdf\">L-10-1<\/a><a href=\"http:\/\/www.aef.nu\/wp-content\/uploads\/2020\/01\/L-10-1-001.pdf.pdf\">-001.pdf<\/a><\/p>\n<p><a href=\"http:\/\/www.aef.nu\/wp-content\/uploads\/2020\/01\/L-31-1-001-1.pdf-1.pdf\">L-31-1-001.pdf<\/a><\/p>\n<p><a href=\"http:\/\/www.aef.nu\/wp-content\/uploads\/2020\/01\/L-51-1-001.pdf.pdf\">L-51-1-001.pdf<\/a><\/p>\n<p><a href=\"http:\/\/www.aef.nu\/wp-content\/uploads\/2020\/01\/Principl\u00f6sning-Dagvattenhantering.pdf.pdf\">Principl\u00f6sning Dagvattenhantering.pdf<\/a><\/p>\n<p><a href=\"http:\/\/www.aef.nu\/wp-content\/uploads\/2020\/01\/Beskrivning-och-Avvecklingsplan-191218.pdf.pdf\">Beskrivning och Avvecklingsplan 191218.pdf<\/a><\/p>\n\n\n<figure class=\"wp-block-image size-large is-resized\"><img loading=\"lazy\" decoding=\"async\" src=\"http:\/\/www.aef.nu\/wp-content\/uploads\/2020\/04\/BN-2019-010405-Parkeringar-L\u00e5ngedrag-1.png\" alt=\"\" class=\"wp-image-753\" width=\"685\" height=\"294\" srcset=\"https:\/\/www.aef.nu\/wp-content\/uploads\/2020\/04\/BN-2019-010405-Parkeringar-L\u00e5ngedrag-1.png 685w, https:\/\/www.aef.nu\/wp-content\/uploads\/2020\/04\/BN-2019-010405-Parkeringar-L\u00e5ngedrag-1-300x129.png 300w\" sizes=\"auto, (max-width: 685px) 100vw, 685px\" \/><figcaption>Ur f\u00f6redragningslistan: F\u00f6rslag till bifall i Byggnadsn\u00e4mnden<\/figcaption><\/figure>\n\n\n\n<figure class=\"wp-block-image size-large\"><img loading=\"lazy\" decoding=\"async\" width=\"903\" height=\"185\" src=\"http:\/\/www.aef.nu\/wp-content\/uploads\/2020\/04\/BN-2019-010405-ur-BNs-protokoll.png\" alt=\"\" class=\"wp-image-754\" srcset=\"https:\/\/www.aef.nu\/wp-content\/uploads\/2020\/04\/BN-2019-010405-ur-BNs-protokoll.png 903w, https:\/\/www.aef.nu\/wp-content\/uploads\/2020\/04\/BN-2019-010405-ur-BNs-protokoll-300x61.png 300w, https:\/\/www.aef.nu\/wp-content\/uploads\/2020\/04\/BN-2019-010405-ur-BNs-protokoll-768x157.png 768w\" sizes=\"auto, (max-width: 903px) 100vw, 903px\" \/><figcaption>Fast n\u00e4r man g\u00e5r till stadsbyggnadskontoret s\u00e5 kommer man bara tillbaks till ovanst\u00e5ende protokoll. Var finns beslutet? Vad blev beslutet?<\/figcaption><\/figure>\n\n\n\n<p>\u00c5ter till <a href=\"http:\/\/www.aef.nu\/?page_id=181\">Projektsidan<\/a>. <\/p>\n","protected":false},"excerpt":{"rendered":"<p>Februari 2021: Parkeringsbolaget har m\u00e5nga \u00e5tg\u00e4rder p\u00e5 g\u00e5ng. H\u00e4r finns en l\u00e4nk till deras information. April 2020: Byggnadsn\u00e4mnden bif\u00f6ll f\u00f6rslaget att bygga &#8221;tillf\u00e4lliga&#8221; parkeringsplatser vid L\u00e5ngedrag. Se l\u00e4ngst ner p\u00e5 sidan h\u00e4r. G\u00f6teborgs Stads Parkeringsbolag (P-bolaget)\u00a0 ans\u00f6kte den 18 december 2019 om &#8221;tillf\u00e4lligt&#8221; bygglov f\u00f6r ytterligare parkeringsplatser p\u00e5 fyllet. Anl\u00e4ggningsarbetena skall p\u00e5b\u00f6rjas redan den f\u00f6rste [&hellip;]<\/p>\n","protected":false},"author":3,"featured_media":0,"parent":0,"menu_order":0,"comment_status":"closed","ping_status":"closed","template":"","meta":{"footnotes":""},"class_list":["post-663","page","type-page","status-publish","hentry","post"],"_links":{"self":[{"href":"https:\/\/www.aef.nu\/index.php?rest_route=\/wp\/v2\/pages\/663","targetHints":{"allow":["GET"]}}],"collection":[{"href":"https:\/\/www.aef.nu\/index.php?rest_route=\/wp\/v2\/pages"}],"about":[{"href":"https:\/\/www.aef.nu\/index.php?rest_route=\/wp\/v2\/types\/page"}],"author":[{"embeddable":true,"href":"https:\/\/www.aef.nu\/index.php?rest_route=\/wp\/v2\/users\/3"}],"replies":[{"embeddable":true,"href":"https:\/\/www.aef.nu\/index.php?rest_route=%2Fwp%2Fv2%2Fcomments&post=663"}],"version-history":[{"count":7,"href":"https:\/\/www.aef.nu\/index.php?rest_route=\/wp\/v2\/pages\/663\/revisions"}],"predecessor-version":[{"id":2015,"href":"https:\/\/www.aef.nu\/index.php?rest_route=\/wp\/v2\/pages\/663\/revisions\/2015"}],"wp:attachment":[{"href":"https:\/\/www.aef.nu\/index.php?rest_route=%2Fwp%2Fv2%2Fmedia&parent=663"}],"curies":[{"name":"wp","href":"https:\/\/api.w.org\/{rel}","templated":true}]}}