{"id":66,"date":"2018-10-29T20:45:24","date_gmt":"2018-10-29T19:45:24","guid":{"rendered":"http:\/\/www.aef.nu\/?page_id=66"},"modified":"2025-12-12T17:20:46","modified_gmt":"2025-12-12T16:20:46","slug":"medlemskap","status":"publish","type":"page","link":"https:\/\/www.aef.nu\/?page_id=66","title":{"rendered":"Medlemskap"},"content":{"rendered":"\n<p>\u00c4lvsborgs egnahemsf\u00f6rening (\u00c4EF) \u00e4r en politisk obunden f\u00f6rening som v\u00e4rnar om en h\u00e5llbar framtida utveckling av stadsdelen. Du \u00e4r v\u00e4lkommen att bli medlem i \u00c4EF om du ocks\u00e5 tycker att denna utveckling ska st\u00f6djas. Medlemmar i \u00c4EF kan medverka p\u00e5 \u00e5rsm\u00f6tet p\u00e5 v\u00e5ren och andra aktiviteter vi arrangerar: m\u00f6ten, debatter, vandringar. \u00c4EF drivs ideellt men vi m\u00e5ste ta ut en \u00e5rsavgift f\u00f6r att kunna bevaka stadsdelens utveckling och kunna g\u00f6ra utskick till medlemmarna.<\/p>\n\n\n\n<p><strong>MEDLEMSKAP<\/strong><br>Enklast blir du medlem genom att Swisha eller s\u00e4tta in medlemsavgiften p\u00e5 v\u00e5rt bankgiro 5159-2152. Medlemsavgiften p\u00e5 150 kronor g\u00e4ller per kalender\u00e5r. Du kan ocks\u00e5 skicka in din medlemsanm\u00e4lan f\u00f6r dig och din familj direkt via e-post till <a href=\"mailto:sekreterare@aef.nu\">sekreterare@aef.nu<\/a>. Ange namn, adress, e-post samt eventuellt mobilnummer.<\/p>\n\n\n\n<p>I och med att du blir medlem godk\u00e4nner du att \u00c4EF, av administrativa sk\u00e4l, sparar uppgifter om namn, adress, telefonnummer, e-postadress och betaldatum. Du kan l\u00e4sa mer om detta i v\u00e5r <a href=\"http:\/\/www.aef.nu\/?page_id=42\">Integritetspolicy<\/a>.<\/p>\n\n\n\n<figure class=\"wp-block-image size-full is-resized\"><img loading=\"lazy\" decoding=\"async\" width=\"625\" height=\"945\" src=\"https:\/\/www.aef.nu\/wp-content\/uploads\/2025\/12\/swish-QR-small-AEF-medlem-2026-1.png\" alt=\"\" class=\"wp-image-6354\" style=\"width:200px\" srcset=\"https:\/\/www.aef.nu\/wp-content\/uploads\/2025\/12\/swish-QR-small-AEF-medlem-2026-1.png 625w, https:\/\/www.aef.nu\/wp-content\/uploads\/2025\/12\/swish-QR-small-AEF-medlem-2026-1-198x300.png 198w\" sizes=\"auto, (max-width: 625px) 100vw, 625px\" \/><\/figure>\n\n\n\n<p>Kontakta g\u00e4rna <a href=\"http:\/\/www.aef.nu\/?page_id=227\">styrelsen <\/a>om du har fr\u00e5gor eller bara \u00e4r nyfiken p\u00e5 \u00c4EF och \u00c4lvsborg.<\/p>\n","protected":false},"excerpt":{"rendered":"<p>\u00c4lvsborgs egnahemsf\u00f6rening (\u00c4EF) \u00e4r en politisk obunden f\u00f6rening som v\u00e4rnar om en h\u00e5llbar framtida utveckling av stadsdelen. Du \u00e4r v\u00e4lkommen att bli medlem i \u00c4EF om du ocks\u00e5 tycker att denna utveckling ska st\u00f6djas. Medlemmar i \u00c4EF kan medverka p\u00e5 \u00e5rsm\u00f6tet p\u00e5 v\u00e5ren och andra aktiviteter vi arrangerar: m\u00f6ten, debatter, vandringar. \u00c4EF drivs ideellt men [&hellip;]<\/p>\n","protected":false},"author":1,"featured_media":0,"parent":0,"menu_order":0,"comment_status":"closed","ping_status":"closed","template":"","meta":{"footnotes":""},"class_list":["post-66","page","type-page","status-publish","hentry","post"],"_links":{"self":[{"href":"https:\/\/www.aef.nu\/index.php?rest_route=\/wp\/v2\/pages\/66","targetHints":{"allow":["GET"]}}],"collection":[{"href":"https:\/\/www.aef.nu\/index.php?rest_route=\/wp\/v2\/pages"}],"about":[{"href":"https:\/\/www.aef.nu\/index.php?rest_route=\/wp\/v2\/types\/page"}],"author":[{"embeddable":true,"href":"https:\/\/www.aef.nu\/index.php?rest_route=\/wp\/v2\/users\/1"}],"replies":[{"embeddable":true,"href":"https:\/\/www.aef.nu\/index.php?rest_route=%2Fwp%2Fv2%2Fcomments&post=66"}],"version-history":[{"count":14,"href":"https:\/\/www.aef.nu\/index.php?rest_route=\/wp\/v2\/pages\/66\/revisions"}],"predecessor-version":[{"id":6359,"href":"https:\/\/www.aef.nu\/index.php?rest_route=\/wp\/v2\/pages\/66\/revisions\/6359"}],"wp:attachment":[{"href":"https:\/\/www.aef.nu\/index.php?rest_route=%2Fwp%2Fv2%2Fmedia&parent=66"}],"curies":[{"name":"wp","href":"https:\/\/api.w.org\/{rel}","templated":true}]}}