{"id":6078,"date":"2025-03-02T12:56:41","date_gmt":"2025-03-02T11:56:41","guid":{"rendered":"https:\/\/www.aef.nu\/?page_id=6078"},"modified":"2025-03-04T18:01:16","modified_gmt":"2025-03-04T17:01:16","slug":"arsmote-2025","status":"publish","type":"page","link":"https:\/\/www.aef.nu\/?page_id=6078","title":{"rendered":"\u00c5rsm\u00f6te 2025"},"content":{"rendered":"\n<p>\u00c4lvsborgs Egnahemsf\u00f6rening h\u00e5ller <strong>\u00e5rsm\u00f6te den 25 mars 2025 kl 19:00 <\/strong>i f\u00f6rsamlingshemmet, \u00c4lvsborgs kyrka.<\/p>\n\n\n\n<p>Vi h\u00e4lsar er v\u00e4lkomna till \u00e5rsm\u00f6tet 2025 med f\u00f6ljande agenda:<\/p>\n\n\n\n<ol style=\"list-style-type:1\" class=\"wp-block-list\">\n<li>M\u00f6tets \u00f6ppnande, introduktion, s\u00e4kerhetsfr\u00e5gor (Ordf\u00f6rande Johan Boman)<\/li>\n\n\n\n<li>Formellt \u00e5rsm\u00f6te enligt bifogad dagordning (F\u00f6rslag p\u00e5 ordf\u00f6rande: Raimo Lindstr\u00f6m)<\/li>\n\n\n\n<li>Kort fikapaus och mingel<\/li>\n\n\n\n<li><strong>Planstart L\u00e5ngedrag Centrum<\/strong><\/li>\n<\/ol>\n\n\n\n<p>Om ni har n\u00e5gra yrkanden som beh\u00f6ver behandlas p\u00e5 \u00e5rsm\u00f6tet, skicka in dem skriftligt till <a href=\"mailto:ordforande@aef.nu\">ordforande@aef.nu<\/a> eller ta upp dem p\u00e5 muntligt p\u00e5 m\u00f6tet.<\/p>\n\n\n\n<p>Styrelsen har inga fr\u00e5gor som speciellt skall tas upp p\u00e5 \u00e5rsm\u00f6tet, och vi har hittills inte f\u00e5tt in n\u00e5gra yrkanden fr\u00e5n medlemmarna. Styrelsen f\u00f6resl\u00e5r att medlemsavgiften f\u00f6r 2026 ska vara 150:- kr per hush\u00e5ll.<\/p>\n\n\n\n<p>Alla medlemmar \u00e4r hj\u00e4rtligt v\u00e4lkomna!<\/p>\n\n\n\n<p>\u00c4lvsborgs Egnahemsf\u00f6rening<\/p>\n\n\n\n<p>Johan Boman<\/p>\n\n\n\n<p>Ordf\u00f6rande<\/p>\n\n\n\n<p><\/p>\n\n\n\n<p><a href=\"https:\/\/www.aef.nu\/wp-content\/uploads\/2025\/02\/Inbjudan-till-arsmote-i-Alvsborgs-Egnahemsforening-mandag-25-mars-2025.pdf\" target=\"_blank\" rel=\"noreferrer noopener\">Inbjudan<\/a>, <a href=\"https:\/\/www.aef.nu\/wp-content\/uploads\/2025\/02\/DAGORDNING-FOR-AEF-ARSMOTE-2025.pdf\" target=\"_blank\" rel=\"noreferrer noopener\">dagordning<\/a>, <a href=\"https:\/\/www.aef.nu\/wp-content\/uploads\/2025\/02\/Verksamhetsberattelse-for-2024-till-arsmotet-2025.pdf\" target=\"_blank\" rel=\"noreferrer noopener\">verksamhetsber\u00e4ttelse<\/a>, f\u00f6rslag p\u00e5 styrelse och <a href=\"https:\/\/www.aef.nu\/wp-content\/uploads\/2025\/02\/Revisionsberattelse-AEF-2024.pdf\" target=\"_blank\" rel=\"noreferrer noopener\">revisionsber\u00e4ttelse<\/a> finns att ladda ner via l\u00e4nkarna i texten.<\/p>\n\n\n\n<p>Ekonomirapporterna har endast skickats ut till medlemmar.<\/p>\n\n\n\n<hr class=\"wp-block-separator has-alpha-channel-opacity\"\/>\n\n\n\n<p><strong>Planstart L\u00e5ngedrag Centrum<\/strong><\/p>\n\n\n\n<p>Under m\u00e5nga \u00e5r har utvecklingen av omr\u00e5det kring Redegatan planerats och diskuterats. Konsortiet bakom de senaste planerna kommer att informera om l\u00e4get just nu. Konsortiet representeras av Carl Petre (Regio), Anna Sundin (Arkitekt White) och Thomas Dahl (develot).<\/p>\n\n\n\n<hr class=\"wp-block-separator has-alpha-channel-opacity\"\/>\n\n\n\n<p>Avslutningsvis vill \u00c4EF informera om att vi har bjudit in arkitekt <strong>Gert Wing\u00e5rdh<\/strong>, alltid aktuell och med ett f\u00f6rflutet i stadsdelen, att diskutera utvecklingen av arkitekturen p\u00e5 gott och ont.<\/p>\n\n\n\n<p>Hj\u00e4rtligt v\u00e4lkomna den <strong>15 april 2025<\/strong>. Mer information kommer snart att skickas ut och l\u00e4ggas p\u00e5 v\u00e5r hemsida.<\/p>\n","protected":false},"excerpt":{"rendered":"<p>\u00c4lvsborgs Egnahemsf\u00f6rening h\u00e5ller \u00e5rsm\u00f6te den 25 mars 2025 kl 19:00 i f\u00f6rsamlingshemmet, \u00c4lvsborgs kyrka. Vi h\u00e4lsar er v\u00e4lkomna till \u00e5rsm\u00f6tet 2025 med f\u00f6ljande agenda: Om ni har n\u00e5gra yrkanden som beh\u00f6ver behandlas p\u00e5 \u00e5rsm\u00f6tet, skicka in dem skriftligt till ordforande@aef.nu eller ta upp dem p\u00e5 muntligt p\u00e5 m\u00f6tet. Styrelsen har inga fr\u00e5gor som speciellt skall [&hellip;]<\/p>\n","protected":false},"author":1,"featured_media":0,"parent":0,"menu_order":0,"comment_status":"closed","ping_status":"closed","template":"","meta":{"footnotes":""},"class_list":["post-6078","page","type-page","status-publish","hentry","post"],"_links":{"self":[{"href":"https:\/\/www.aef.nu\/index.php?rest_route=\/wp\/v2\/pages\/6078","targetHints":{"allow":["GET"]}}],"collection":[{"href":"https:\/\/www.aef.nu\/index.php?rest_route=\/wp\/v2\/pages"}],"about":[{"href":"https:\/\/www.aef.nu\/index.php?rest_route=\/wp\/v2\/types\/page"}],"author":[{"embeddable":true,"href":"https:\/\/www.aef.nu\/index.php?rest_route=\/wp\/v2\/users\/1"}],"replies":[{"embeddable":true,"href":"https:\/\/www.aef.nu\/index.php?rest_route=%2Fwp%2Fv2%2Fcomments&post=6078"}],"version-history":[{"count":4,"href":"https:\/\/www.aef.nu\/index.php?rest_route=\/wp\/v2\/pages\/6078\/revisions"}],"predecessor-version":[{"id":6135,"href":"https:\/\/www.aef.nu\/index.php?rest_route=\/wp\/v2\/pages\/6078\/revisions\/6135"}],"wp:attachment":[{"href":"https:\/\/www.aef.nu\/index.php?rest_route=%2Fwp%2Fv2%2Fmedia&parent=6078"}],"curies":[{"name":"wp","href":"https:\/\/api.w.org\/{rel}","templated":true}]}}