{"id":5324,"date":"2023-12-08T20:22:08","date_gmt":"2023-12-08T19:22:08","guid":{"rendered":"https:\/\/www.aef.nu\/?page_id=5324"},"modified":"2023-12-08T20:22:09","modified_gmt":"2023-12-08T19:22:09","slug":"buss-91-indragen-och-kommer-tillbaka","status":"publish","type":"page","link":"https:\/\/www.aef.nu\/?page_id=5324","title":{"rendered":"Buss 91 indragen och kommer tillbaka"},"content":{"rendered":"\n<h2 class=\"wp-block-heading\">5 december 2023<\/h2>\n\n\n\n<p>V\u00e4sttrafik svarar p\u00e5 v\u00e5r skrivelse med den gl\u00e4djande uppgiften att man kanske kan k\u00f6ra buss 91 med kortare bussar. F\u00f6rhoppningsvis kommer start med mindre bussar att ske under vecka 2 2024. Mailet fr\u00e5n V\u00e4sttrafiks VD Lars Backstr\u00f6m nedan:<\/p>\n\n\n\n<p><a><strong>Hej,<\/strong><\/a><\/p>\n\n\n\n<p>Bifogar svar p\u00e5 inkomna skrivelser ang\u00e5ende linje 91 st\u00e4llda till V\u00e4sttrafiks presidie samt V\u00e4sttrafiks VD.<\/p>\n\n\n\n<p>(d\u00e5 det inte fanns n\u00e5gra kontaktuppgifter i skrivelsen \u00f6vers\u00e4nder vi till denna e-mailadress: <a href=\"mailto:ordforande@aef.nu\">ordforande@aef.nu<\/a> &nbsp;enligt hemsidan <a href=\"https:\/\/urldefense.com\/v3\/__http:\/www.**Aef.nu__;w6Q!!HBVxBjZwpQ!yMY3NwTe8vnH2mmuEloP3BQbaQzK6Cre0YGG_nn78l_bq6EgtKJbFXhiRm8UdysXO3FLrpHMXmj_rnpGfxYAlaaVtm9R1eQZ_4Y$\">www.\u00e4ef.nu<\/a> och hoppas att svaret hamnar r\u00e4tt).<\/p>\n\n\n\n<p>Vi vill verkligen beklaga situationen som \u00e4r just nu, d\u00e5 linje 91 inte trafikerar sin vanliga v\u00e4g. Det \u00e4r ocks\u00e5 olyckligt att ni upplever att ni har bollats mellan olika akt\u00f6rer. &nbsp;&nbsp;<\/p>\n\n\n\n<p>Bakgrunden till att linje 91 just nu \u00e4r indragen mellan Krokebacksgatan och Rengatan \u00e4r som ni vet ett p\u00e5g\u00e5ende v\u00e4garbete. Till detta kommer att det redan innan v\u00e4garbetet var v\u00e4ldigt tr\u00e5ngt att k\u00f6ra med ledbuss i omr\u00e5det, bl a har bussar beh\u00f6vt k\u00f6ra upp p\u00e5 trottoaren f\u00f6r att ta en kurva, n\u00e5got som givetvis inte \u00e4r h\u00e5llbart.<\/p>\n\n\n\n<p>N\u00e4r v\u00e4garbetet v\u00e4l \u00e4r klart beh\u00f6ver vi d\u00e4rf\u00f6r hitta en annan l\u00f6sning f\u00f6r linje 91, genom att trafikera med en annan busstyp \u00e4n med ledbuss.<\/p>\n\n\n\n<p>Efter dialog med G\u00f6teborgs stadsmilj\u00f6f\u00f6rvaltning, har vi nu kommit fram till f\u00f6ljande planering:<\/p>\n\n\n\n<ul class=\"wp-block-list\">\n<li>Under vecka 2, 2024, n\u00e4r v\u00e4garbetet enligt plan kommer att ha kommit s\u00e5 l\u00e5ngt att vi kan b\u00f6rja k\u00f6ra i omr\u00e5det igen, kommer vi att testk\u00f6ra med en kortare buss (10 meter).<\/li>\n\n\n\n<li>Om provk\u00f6rningen faller v\u00e4l ut kommer vi att planera f\u00f6r en ny trafikl\u00f6sning, med 10-metersbussar som d\u00e5 kommer att beh\u00f6va g\u00e5 i n\u00e5got t\u00e4tare trafik \u00e4n linje 91.<\/li>\n\n\n\n<li>Parallellt tittar vi nu ocks\u00e5 p\u00e5 hur vi tempor\u00e4rt kan trafikera omr\u00e5det, efter att v\u00e4garbetet \u00e4r klart och fram till dess att vi har den nya permanenta l\u00f6sningen p\u00e5 plats. &nbsp;<\/li>\n<\/ul>\n\n\n\n<p>Med v\u00e4nlig h\u00e4lsning<\/p>\n\n\n\n<p>Lars Backstr\u00f6m<\/p>\n\n\n\n<p>VD V\u00e4sttrafik AB \/ Box 123 \/ 541 23 Sk\u00f6vde<\/p>\n\n\n\n<h2 class=\"wp-block-heading\">1 december 2023<\/h2>\n\n\n\n<p>BRF Val\u00f6 fyr samlade in hundratals namnunderskrifter och f\u00f6ljde upp med ett eget inl\u00e4gg  som \u00c4EF ocks\u00e5 skrev p\u00e5:<\/p>\n\n\n\n<figure class=\"wp-block-image size-full is-resized\"><img loading=\"lazy\" decoding=\"async\" width=\"460\" height=\"640\" src=\"https:\/\/www.aef.nu\/wp-content\/uploads\/2023\/12\/Ang-Buss-91-Vasttrafik.jpeg\" alt=\"\" class=\"wp-image-5327\" style=\"width:720px;height:auto\" srcset=\"https:\/\/www.aef.nu\/wp-content\/uploads\/2023\/12\/Ang-Buss-91-Vasttrafik.jpeg 460w, https:\/\/www.aef.nu\/wp-content\/uploads\/2023\/12\/Ang-Buss-91-Vasttrafik-216x300.jpeg 216w\" sizes=\"auto, (max-width: 460px) 100vw, 460px\" \/><\/figure>\n\n\n\n<h2 class=\"wp-block-heading\">9 november 2023<\/h2>\n\n\n\n<p>Redan dagen efter kommer svar fr\u00e5n kommunen, som efter 20 \u00e5r har uppt\u00e4ckt att det inte g\u00e5r att k\u00f6ra ledbussar p\u00e5 den gamla str\u00e4ckningen. Kommunen skyller p\u00e5 V\u00e4sttrafik och ger f\u00f6ga hopp om att trafiken kommer \u00e5ter. Deras &#8221;Svar &#8221; \u00e4r ju ocks\u00e5 v\u00e4ldigt mycket &#8221;Goddag, yxskaft&#8221;. T\u00e4nker de sig att \u00e5ter trafikera linjen? Totalt oklart, se nedan:<\/p>\n\n\n\n<p><strong>Bakgrund och svar g\u00e4llande busslinje 91<\/strong><\/p>\n\n\n\n<p><strong>Bakgrund:<\/strong><\/p>\n\n\n\n<p>Under ledningsarbete p\u00e5 bl.a. Skonertgatan uppm\u00e4rksammades det att bussar i linje 91 inte har nog med sv\u00e4ngradie i korsningen Skonertgatan\/L\u00e4ktaregatan. Den sn\u00e4va sv\u00e4ngradien resulterar i att bussarnas svepyta g\u00e5r \u00f6ver g\u00e5ngbanan i korsningen. N\u00e4r detta uppm\u00e4rksammades bed\u00f6mde G\u00f6teborgs Stad situationen som trafikfarlig och kontaktade V\u00e4sttrafik som drog in linjetrafiken p\u00e5 str\u00e4ckan tills vidare.<\/p>\n\n\n\n<p><strong>Svar:<\/strong><\/p>\n\n\n\n<p>Hej,<\/p>\n\n\n\n<p>Vi har f\u00f6rst\u00e5else f\u00f6r era synpunkter, men i dagsl\u00e4get bed\u00f6mer Stadsmilj\u00f6f\u00f6rvaltningen att linjetrafiken f\u00f6r linje 91 p\u00e5 delar av str\u00e4ckan inte kan framf\u00f6ras p\u00e5 ett trafiks\u00e4kert s\u00e4tt.<\/p>\n\n\n\n<p>P\u00e5 str\u00e4ckan Krokebacksgatan-H\u00e4steviksgatan finns det flera problem f\u00f6r ledbussarna:<\/p>\n\n\n\n<ul class=\"wp-block-list\">\n<li>Vid korsningen Skonertgatan\/L\u00e4ktaregatan d\u00e4r sv\u00e4ngradien f\u00f6r ledbussar \u00e4r f\u00f6r liten\/sn\u00e4v vilket medf\u00f6r att bussens svepyta g\u00e5r \u00f6ver trottoaren och l\u00e4mnar cirka 40 cm i bredd f\u00f6r g\u00e5ende. Korsningen har dessutom mindre god sikt f\u00f6r de g\u00e5ende, vilket g\u00f6r att det kan vara sv\u00e5rare att uppt\u00e4cka bussarna som kommer fr\u00e5n Skonertgatan.<\/li>\n\n\n\n<li>Delar av str\u00e4ckan \u00e4r relativt smal vilket g\u00f6r att det \u00e4r sv\u00e5rt f\u00f6r ledbussar att ta sig fram om de f\u00e5r m\u00f6te av ett annat motorfordon.<\/li>\n\n\n\n<li>Vid korsningen H\u00e4steviksgatan-L\u00e4ktaregatan \u00e4r sikten f\u00f6r motorfordon d\u00e5lig, vilket g\u00f6r att det inte g\u00e5r att veta ifall man f\u00e5r m\u00f6te av annat motorfordon.<\/li>\n\n\n\n<li>Resten av Skonertgatan-Skogsrydsgatan \u00e4r ocks\u00e5 smal f\u00f6r bussar att m\u00f6tas.<\/li>\n<\/ul>\n\n\n\n<p>G\u00f6teborgs Stad har unders\u00f6kt om problemen g\u00e5r att l\u00f6sa genom breddning av gatan samt borttagning av en mindre del av g\u00e5ngbanan vid korsningen Skonertgatan\/L\u00e4ktaregatan.<\/p>\n\n\n\n<p>P\u00e5 stora delar av str\u00e4ckan \u00e4r det privat mark utanf\u00f6r v\u00e4gomr\u00e5det, vilket begr\u00e4nsar m\u00f6jligheterna f\u00f6r en breddning av v\u00e4gen utan att k\u00f6pa upp stora markandelar. Andra delar \u00e4r planlagda som parkyta, vilket f\u00f6rsv\u00e5rar att nyttja ytan f\u00f6r en genomfartsv\u00e4g.<\/p>\n\n\n\n<p>Ang\u00e5ende g\u00e5ngbanan bed\u00f6mer G\u00f6teborgs Stad efter utredning att borttagning av delar av g\u00e5ngbanan d\u00e4r ledbussar sveper \u00f6ver inte \u00e4r trafiks\u00e4kert. Detta har utg\u00e5tt ifr\u00e5n att sikten inte \u00e4r tillr\u00e4ckligt god f\u00f6r g\u00e5ende och motorfordon samt att man som g\u00e5ende troligtvis forts\u00e4tter att korsa v\u00e4gen i samma bana oavsett om g\u00e5ngbanan finns eller inte. Detta skulle d\u00e5 medf\u00f6ra att man som g\u00e5ende fortfarande riskerar att g\u00e5 i bussens svepyta.<br>Med v\u00e4nliga h\u00e4lsningar<\/p>\n\n\n\n<p>Ahmad Hafza<br>Trafikreglerare<\/p>\n\n\n\n<p>G\u00d6TEBORGS STAD<br>Stadsmilj\u00f6f\u00f6rvaltningen, Anl\u00e4ggning och infrastruktur<\/p>\n\n\n\n<h2 class=\"wp-block-heading\">8 november 2023<\/h2>\n\n\n\n<p>Efter att ha blivit uppm\u00e4rksammade av flera av v\u00e5ra medlemmar och BRF Val\u00f6 Fyr om att buss 91 hade slutat trafikera h\u00e5llplatserna mellan Rengatan (ICA N\u00e4ra Nya Varvet) och Krokebacksgatan (Kungspizza m. fl.) Skrev vi ett brev till V\u00e4sttrafik och kommunen. Detta \u00e4r vad vi skrev:<\/p>\n\n\n\n<p><a>Bijan Zanali<\/a><\/p>\n\n\n\n<p>V\u00e4sttrafik AB<\/p>\n\n\n\n<p>Box 123<\/p>\n\n\n\n<p>541 23 Sk\u00f6vde<\/p>\n\n\n\n<p>G\u00f6teborg 8\/11 2023<\/p>\n\n\n\n<p><strong>Ang\u00e5ende f\u00f6r\u00e4ndringar p\u00e5 busslinje 91 i v\u00e4stra G\u00f6teborg<\/strong><\/p>\n\n\n\n<p>P\u00e5 grund av gatuarbeten har busslinje 91 lagts om, s\u00e5 att sex h\u00e5llplatser mellan Kungsten och K\u00e4ringberget har dragits in. Ingen information om hur l\u00e4nge detta skall vara har skickats till medborgarna. H\u00e5llplatskurerna har inte heller n\u00e5gon information om alternativ eller v\u00e4gar som man kan ta. Situationen skapar stora problem f\u00f6r den icke bilburna delen av befolkningen, t ex skolbarn och m\u00e5nga pension\u00e4rer. Bland dessa \u00e4r m\u00e5nga som har problem med att ta sig l\u00e5nga str\u00e4ckor till fots eller per cykel.<\/p>\n\n\n\n<p>Genom media har vi f\u00e5tt information om att koordineringen mellan V\u00e4sttrafik och kommunen \u00e4r i det n\u00e4rmaste obefintlig. Vi anser att detta \u00e4r en bedr\u00f6vlig situation och skriver till dig som en av de ansvariga med kraven:<\/p>\n\n\n\n<ul class=\"wp-block-list\">\n<li>Meddela samtliga ber\u00f6rda (boende i omr\u00e5det) om arbetets omfattning och utdr\u00e4kt (dvs n\u00e4r det ber\u00e4knas vara klart)<\/li>\n\n\n\n<li>S\u00e4tt upp tydliga anvisningar i befintliga busskurer om arbetet och om fungerande alternativ till buss 91<\/li>\n\n\n\n<li>S\u00e4tt in alternativa (mindre) bussar \u00e5tminstone under tiden som arbetena p\u00e5g\u00e5r<\/li>\n\n\n\n<li>Skyll inte p\u00e5 varandra utan ta ert ansvar f\u00f6r samordning och beslutsfattande<\/li>\n<\/ul>\n\n\n\n<p>\u00c4lvsborgs Egnahemsf\u00f6rening \u00e4r en ideell opolitisk f\u00f6rening med ca 300 medlemshush\u00e5ll i stadsdelen, varav m\u00e5nga bor i det ber\u00f6rda omr\u00e5det. Vi verkar f\u00f6r god service, milj\u00f6 och utveckling av stadsdelen. Information om oss och v\u00e5r verksamhet finns p\u00e5 v\u00e5r hemsida <a href=\"http:\/\/www.\u00e4ef.nu\">www.\u00e4ef.nu<\/a><\/p>\n\n\n\n<p>\u00c4lvsborgs Egnahemsf\u00f6rening<\/p>\n\n\n\n<p>Anders Elleg\u00e5rd, ordf\u00f6rande<\/p>\n\n\n\n<p>\/cc<\/p>\n\n\n\n<ul class=\"wp-block-list\">\n<li>V\u00e4sttrafik: Kent Lagrell, Lars Backstr\u00f6m<\/li>\n\n\n\n<li>G\u00f6teborgs kommun: Anders Ramsby, Joakim Larsson, Karin Karlsson<\/li>\n\n\n\n<li>G\u00f6teborgs-posten<\/li>\n\n\n\n<li>Brf Val\u00f6 Fyr \/ Inger Olhage<\/li>\n<\/ul>\n","protected":false},"excerpt":{"rendered":"<p>5 december 2023 V\u00e4sttrafik svarar p\u00e5 v\u00e5r skrivelse med den gl\u00e4djande uppgiften att man kanske kan k\u00f6ra buss 91 med kortare bussar. F\u00f6rhoppningsvis kommer start med mindre bussar att ske under vecka 2 2024. Mailet fr\u00e5n V\u00e4sttrafiks VD Lars Backstr\u00f6m nedan: Hej, Bifogar svar p\u00e5 inkomna skrivelser ang\u00e5ende linje 91 st\u00e4llda till V\u00e4sttrafiks presidie samt [&hellip;]<\/p>\n","protected":false},"author":3,"featured_media":0,"parent":0,"menu_order":0,"comment_status":"closed","ping_status":"closed","template":"","meta":{"footnotes":""},"class_list":["post-5324","page","type-page","status-publish","hentry","post"],"_links":{"self":[{"href":"https:\/\/www.aef.nu\/index.php?rest_route=\/wp\/v2\/pages\/5324","targetHints":{"allow":["GET"]}}],"collection":[{"href":"https:\/\/www.aef.nu\/index.php?rest_route=\/wp\/v2\/pages"}],"about":[{"href":"https:\/\/www.aef.nu\/index.php?rest_route=\/wp\/v2\/types\/page"}],"author":[{"embeddable":true,"href":"https:\/\/www.aef.nu\/index.php?rest_route=\/wp\/v2\/users\/3"}],"replies":[{"embeddable":true,"href":"https:\/\/www.aef.nu\/index.php?rest_route=%2Fwp%2Fv2%2Fcomments&post=5324"}],"version-history":[{"count":1,"href":"https:\/\/www.aef.nu\/index.php?rest_route=\/wp\/v2\/pages\/5324\/revisions"}],"predecessor-version":[{"id":5330,"href":"https:\/\/www.aef.nu\/index.php?rest_route=\/wp\/v2\/pages\/5324\/revisions\/5330"}],"wp:attachment":[{"href":"https:\/\/www.aef.nu\/index.php?rest_route=%2Fwp%2Fv2%2Fmedia&parent=5324"}],"curies":[{"name":"wp","href":"https:\/\/api.w.org\/{rel}","templated":true}]}}