{"id":5030,"date":"2023-03-13T15:46:06","date_gmt":"2023-03-13T14:46:06","guid":{"rendered":"https:\/\/www.aef.nu\/?page_id=5030"},"modified":"2024-03-05T23:17:20","modified_gmt":"2024-03-05T22:17:20","slug":"arsmote-2023","status":"publish","type":"page","link":"https:\/\/www.aef.nu\/?page_id=5030","title":{"rendered":"\u00c5rsm\u00f6te 2024"},"content":{"rendered":"\n<p>\u00c4lvsborgs Egnahemsf\u00f6rening h\u00e5ller \u00e5rsm\u00f6te den 25 mars 2024 kl 19:00 i f\u00f6rsamlingshemmet, \u00c4lvsborgs kyrka.<\/p>\n\n\n\n<p>Vi h\u00e4lsar er v\u00e4lkomna till \u00e5rsm\u00f6tet 2024 med f\u00f6ljande agenda:<\/p>\n\n\n\n<ol class=\"wp-block-list\" style=\"list-style-type:1\">\n<li>M\u00f6tets \u00f6ppnande, introduktion, s\u00e4kerhetsfr\u00e5gor (Ordf\u00f6rande Anders Elleg\u00e5rd)<\/li>\n\n\n\n<li>Formellt \u00e5rsm\u00f6te enligt bifogad dagordning (F\u00f6rslag: Raimo Lindstr\u00f6m)<\/li>\n\n\n\n<li><strong>Information fr\u00e5n \u00c4lvsborgs amfibief\u00f6rband (Amf 4)<\/strong><\/li>\n<\/ol>\n\n\n\n<p>Om ni har n\u00e5gra yrkanden som beh\u00f6ver behandlas p\u00e5 \u00e5rsm\u00f6tet, skicka in dem skriftligt till <a href=\"mailto:ordf\u00f6rande@\u00e4ef.nu\">ordf\u00f6rande@\u00e4ef.nu<\/a> eller ta upp dem p\u00e5 muntligt p\u00e5 m\u00f6tet.<\/p>\n\n\n\n<p>Styrelsen har inga fr\u00e5gor som speciellt skall tas upp p\u00e5 \u00e5rsm\u00f6tet, och vi har hittills inte f\u00e5tt in n\u00e5gra yrkanden fr\u00e5n medlemmarna. Styrelsen f\u00f6resl\u00e5r att medlemsavgiften f\u00f6r 2025 ska vara 150:- kr per \u00e5r och hush\u00e5ll.<\/p>\n\n\n\n<p>Alla medlemmar \u00e4r hj\u00e4rtligt v\u00e4lkomna!<\/p>\n\n\n\n<p>\u00c4lvsborgs Egnahemsf\u00f6rening<\/p>\n\n\n\n<p>Anders Elleg\u00e5rd<\/p>\n\n\n\n<p>Ordf\u00f6rande<\/p>\n\n\n\n<p><\/p>\n\n\n\n<p><a href=\"https:\/\/www.aef.nu\/wp-content\/uploads\/2024\/03\/Arsmote-2024-inbjudan.pdf\" target=\"_blank\" rel=\"noreferrer noopener\">Inbjudan<\/a>, <a href=\"https:\/\/www.aef.nu\/wp-content\/uploads\/2024\/03\/Arsmote-2024-dagordning.pdf\" target=\"_blank\" rel=\"noreferrer noopener\">dagordning<\/a>, <a href=\"https:\/\/www.aef.nu\/wp-content\/uploads\/2024\/03\/Arsmote-2024-verksamhetsberattelse.pdf\" target=\"_blank\" rel=\"noreferrer noopener\">verksamhetsber\u00e4ttelse<\/a>, <a href=\"https:\/\/www.aef.nu\/wp-content\/uploads\/2024\/03\/Valberedningens-forslag-till-styrelse-2024.pdf\">f\u00f6rslag p\u00e5 styrelse<\/a> och <a href=\"https:\/\/www.aef.nu\/wp-content\/uploads\/2024\/03\/Arsmote-2024-revisionsberattelse.pdf\" target=\"_blank\" rel=\"noreferrer noopener\">revisionsber\u00e4ttelse<\/a> finns att ladda ner via l\u00e4nkarna i texten. <\/p>\n\n\n\n<p>Ekonomirapporterna har endast skickats ut till medlemmar.<\/p>\n","protected":false},"excerpt":{"rendered":"<p>\u00c4lvsborgs Egnahemsf\u00f6rening h\u00e5ller \u00e5rsm\u00f6te den 25 mars 2024 kl 19:00 i f\u00f6rsamlingshemmet, \u00c4lvsborgs kyrka. Vi h\u00e4lsar er v\u00e4lkomna till \u00e5rsm\u00f6tet 2024 med f\u00f6ljande agenda: Om ni har n\u00e5gra yrkanden som beh\u00f6ver behandlas p\u00e5 \u00e5rsm\u00f6tet, skicka in dem skriftligt till ordf\u00f6rande@\u00e4ef.nu eller ta upp dem p\u00e5 muntligt p\u00e5 m\u00f6tet. Styrelsen har inga fr\u00e5gor som speciellt skall [&hellip;]<\/p>\n","protected":false},"author":3,"featured_media":0,"parent":0,"menu_order":0,"comment_status":"closed","ping_status":"closed","template":"","meta":{"footnotes":""},"class_list":["post-5030","page","type-page","status-publish","hentry","post"],"_links":{"self":[{"href":"https:\/\/www.aef.nu\/index.php?rest_route=\/wp\/v2\/pages\/5030","targetHints":{"allow":["GET"]}}],"collection":[{"href":"https:\/\/www.aef.nu\/index.php?rest_route=\/wp\/v2\/pages"}],"about":[{"href":"https:\/\/www.aef.nu\/index.php?rest_route=\/wp\/v2\/types\/page"}],"author":[{"embeddable":true,"href":"https:\/\/www.aef.nu\/index.php?rest_route=\/wp\/v2\/users\/3"}],"replies":[{"embeddable":true,"href":"https:\/\/www.aef.nu\/index.php?rest_route=%2Fwp%2Fv2%2Fcomments&post=5030"}],"version-history":[{"count":14,"href":"https:\/\/www.aef.nu\/index.php?rest_route=\/wp\/v2\/pages\/5030\/revisions"}],"predecessor-version":[{"id":5579,"href":"https:\/\/www.aef.nu\/index.php?rest_route=\/wp\/v2\/pages\/5030\/revisions\/5579"}],"wp:attachment":[{"href":"https:\/\/www.aef.nu\/index.php?rest_route=%2Fwp%2Fv2%2Fmedia&parent=5030"}],"curies":[{"name":"wp","href":"https:\/\/api.w.org\/{rel}","templated":true}]}}