{"id":4889,"date":"2023-02-05T16:44:35","date_gmt":"2023-02-05T15:44:35","guid":{"rendered":"https:\/\/www.aef.nu\/?page_id=4889"},"modified":"2023-02-05T16:44:36","modified_gmt":"2023-02-05T15:44:36","slug":"karta-over-stadsdelar-i-alvsborgs-municipalsamhalle","status":"publish","type":"page","link":"https:\/\/www.aef.nu\/?page_id=4889","title":{"rendered":"Karta \u00f6ver stadsdelar i \u00c4lvsborgs municipalsamh\u00e4lle"},"content":{"rendered":"\n<p>Vi hittade en gammal karta \u00f6ver \u00c4lvsborgs municipalsamh\u00e4lle. Den \u00e4r odaterad, men troligen fr\u00e5n mellankrigstiden eftersom KA4 (numera G\u00f6teborgs garnison) inte verkar lika hemligt som Oscar IIs fort. Notera ocks\u00e5 att Gnist\u00e4ngen r\u00e4knades till Nya varvet, troligen eftersom &#8221;gnisten&#8221; dvs radiostationen d\u00e5 fortfarande var i bruk.<\/p>\n\n\n\n<figure class=\"wp-block-image size-large\"><img loading=\"lazy\" decoding=\"async\" width=\"1024\" height=\"611\" src=\"https:\/\/www.aef.nu\/wp-content\/uploads\/2023\/02\/ALVSBORGS-MUNICIPALSAMHALLE-1024x611.jpg\" alt=\"\" class=\"wp-image-4892\" srcset=\"https:\/\/www.aef.nu\/wp-content\/uploads\/2023\/02\/ALVSBORGS-MUNICIPALSAMHALLE-1024x611.jpg 1024w, https:\/\/www.aef.nu\/wp-content\/uploads\/2023\/02\/ALVSBORGS-MUNICIPALSAMHALLE-300x179.jpg 300w, https:\/\/www.aef.nu\/wp-content\/uploads\/2023\/02\/ALVSBORGS-MUNICIPALSAMHALLE-768x458.jpg 768w, https:\/\/www.aef.nu\/wp-content\/uploads\/2023\/02\/ALVSBORGS-MUNICIPALSAMHALLE-1536x916.jpg 1536w, https:\/\/www.aef.nu\/wp-content\/uploads\/2023\/02\/ALVSBORGS-MUNICIPALSAMHALLE.jpg 1799w\" sizes=\"auto, (max-width: 1024px) 100vw, 1024px\" \/><\/figure>\n\n\n\n<p>F\u00f6r att det skall vara enklare att se de olika stadsdelarnas namn har vi f\u00f6rtydligat kartan nedan och satt ut gr\u00e4nser och namn. Det \u00e4r oklart hur v\u00e4l bef\u00e4sta dessa var bland inv\u00e5narna. Hur m\u00e5nga s\u00e4ger till exempel att de bor i S\u00f6derhagen, ist\u00e4llet f\u00f6r Carnegie \u00e4ng?  Bor man numera i Johannelund eller K\u00e4ll\u00e4ngen? Noteras kan ocks\u00e5 att L\u00e5ngedrag \u00e4r en v\u00e4ldigt liten stadsdel, och inte som nu i alla fall i m\u00e4klarkatalogerna i stort sett allt som ligger utanf\u00f6r Kungsten.<\/p>\n\n\n\n<figure class=\"wp-block-image size-large\"><img loading=\"lazy\" decoding=\"async\" width=\"1024\" height=\"601\" src=\"https:\/\/www.aef.nu\/wp-content\/uploads\/2023\/02\/ALVSBORGS-MUNICIPALSAMHALLE-MED-FORTYDLIGADE-NAMN-OCH-GRANSER-1024x601.jpg\" alt=\"\" class=\"wp-image-4895\" srcset=\"https:\/\/www.aef.nu\/wp-content\/uploads\/2023\/02\/ALVSBORGS-MUNICIPALSAMHALLE-MED-FORTYDLIGADE-NAMN-OCH-GRANSER-1024x601.jpg 1024w, https:\/\/www.aef.nu\/wp-content\/uploads\/2023\/02\/ALVSBORGS-MUNICIPALSAMHALLE-MED-FORTYDLIGADE-NAMN-OCH-GRANSER-300x176.jpg 300w, https:\/\/www.aef.nu\/wp-content\/uploads\/2023\/02\/ALVSBORGS-MUNICIPALSAMHALLE-MED-FORTYDLIGADE-NAMN-OCH-GRANSER-768x451.jpg 768w, https:\/\/www.aef.nu\/wp-content\/uploads\/2023\/02\/ALVSBORGS-MUNICIPALSAMHALLE-MED-FORTYDLIGADE-NAMN-OCH-GRANSER-1536x901.jpg 1536w, https:\/\/www.aef.nu\/wp-content\/uploads\/2023\/02\/ALVSBORGS-MUNICIPALSAMHALLE-MED-FORTYDLIGADE-NAMN-OCH-GRANSER.jpg 1822w\" sizes=\"auto, (max-width: 1024px) 100vw, 1024px\" \/><\/figure>\n","protected":false},"excerpt":{"rendered":"<p>Vi hittade en gammal karta \u00f6ver \u00c4lvsborgs municipalsamh\u00e4lle. Den \u00e4r odaterad, men troligen fr\u00e5n mellankrigstiden eftersom KA4 (numera G\u00f6teborgs garnison) inte verkar lika hemligt som Oscar IIs fort. Notera ocks\u00e5 att Gnist\u00e4ngen r\u00e4knades till Nya varvet, troligen eftersom &#8221;gnisten&#8221; dvs radiostationen d\u00e5 fortfarande var i bruk. F\u00f6r att det skall vara enklare att se de [&hellip;]<\/p>\n","protected":false},"author":3,"featured_media":0,"parent":0,"menu_order":0,"comment_status":"closed","ping_status":"closed","template":"","meta":{"footnotes":""},"class_list":["post-4889","page","type-page","status-publish","hentry","post"],"_links":{"self":[{"href":"https:\/\/www.aef.nu\/index.php?rest_route=\/wp\/v2\/pages\/4889","targetHints":{"allow":["GET"]}}],"collection":[{"href":"https:\/\/www.aef.nu\/index.php?rest_route=\/wp\/v2\/pages"}],"about":[{"href":"https:\/\/www.aef.nu\/index.php?rest_route=\/wp\/v2\/types\/page"}],"author":[{"embeddable":true,"href":"https:\/\/www.aef.nu\/index.php?rest_route=\/wp\/v2\/users\/3"}],"replies":[{"embeddable":true,"href":"https:\/\/www.aef.nu\/index.php?rest_route=%2Fwp%2Fv2%2Fcomments&post=4889"}],"version-history":[{"count":1,"href":"https:\/\/www.aef.nu\/index.php?rest_route=\/wp\/v2\/pages\/4889\/revisions"}],"predecessor-version":[{"id":4898,"href":"https:\/\/www.aef.nu\/index.php?rest_route=\/wp\/v2\/pages\/4889\/revisions\/4898"}],"wp:attachment":[{"href":"https:\/\/www.aef.nu\/index.php?rest_route=%2Fwp%2Fv2%2Fmedia&parent=4889"}],"curies":[{"name":"wp","href":"https:\/\/api.w.org\/{rel}","templated":true}]}}