{"id":4781,"date":"2023-02-01T11:41:58","date_gmt":"2023-02-01T10:41:58","guid":{"rendered":"https:\/\/www.aef.nu\/?page_id=4781"},"modified":"2023-03-08T14:37:36","modified_gmt":"2023-03-08T13:37:36","slug":"bakgrundsinformation-och-inlagg-angaende-langedrags-batvarv","status":"publish","type":"page","link":"https:\/\/www.aef.nu\/?page_id=4781","title":{"rendered":"Bakgrundsinformation och inl\u00e4gg ang\u00e5ende L\u00e5ngedrags b\u00e5tvarv"},"content":{"rendered":"<p><a href=\"https:\/\/www.aef.nu\/wp-content\/uploads\/2023\/02\/Viktig-information-om-Langedrag-Vassingso-Saltholmen-av-Johan-Ullman.pdf\">Inlaga fr\u00e5n Johan Ullman<\/a><\/p>\n<p><a href=\"https:\/\/www.aef.nu\/wp-content\/uploads\/2023\/02\/AEFs-mote-om-Langedrags-batvarv-24-2-2023.pdf\">Sammanfattning av \u00c4EFs m\u00f6te 24 januari<\/a><\/p>\n<p><a href=\"https:\/\/www.aef.nu\/wp-content\/uploads\/2023\/02\/Arne-Persons-presentation-LANGEDRAGS-BATVARV-historia.pdf\">Historien om L\u00e5ngedrags b\u00e5tvarv av Arne Persson (\u00c4EF)<\/a><\/p>\n<p><a href=\"https:\/\/www.aef.nu\/wp-content\/uploads\/2023\/02\/Mail-fran-trafikanalytiker-med-svar-pa-fragor-om-trafikutredningen.pdf\">Trafikanalytiker svarar p\u00e5 fr\u00e5gor<\/a><\/p>\n<p><a href=\"https:\/\/www.aef.nu\/wp-content\/uploads\/2023\/02\/Skotselavtal-halvagen-2007.pdf\">Sk\u00f6tselavtal f\u00f6r h\u00e5lv\u00e4gen vid sp\u00e5ngen<\/a><\/p>\n","protected":false},"excerpt":{"rendered":"<p>Inlaga fr\u00e5n Johan Ullman Sammanfattning av \u00c4EFs m\u00f6te 24 januari Historien om L\u00e5ngedrags b\u00e5tvarv av Arne Persson (\u00c4EF) Trafikanalytiker svarar p\u00e5 fr\u00e5gor Sk\u00f6tselavtal f\u00f6r h\u00e5lv\u00e4gen vid sp\u00e5ngen<\/p>\n","protected":false},"author":3,"featured_media":0,"parent":0,"menu_order":0,"comment_status":"closed","ping_status":"closed","template":"","meta":{"footnotes":""},"class_list":["post-4781","page","type-page","status-publish","hentry","post"],"_links":{"self":[{"href":"https:\/\/www.aef.nu\/index.php?rest_route=\/wp\/v2\/pages\/4781","targetHints":{"allow":["GET"]}}],"collection":[{"href":"https:\/\/www.aef.nu\/index.php?rest_route=\/wp\/v2\/pages"}],"about":[{"href":"https:\/\/www.aef.nu\/index.php?rest_route=\/wp\/v2\/types\/page"}],"author":[{"embeddable":true,"href":"https:\/\/www.aef.nu\/index.php?rest_route=\/wp\/v2\/users\/3"}],"replies":[{"embeddable":true,"href":"https:\/\/www.aef.nu\/index.php?rest_route=%2Fwp%2Fv2%2Fcomments&post=4781"}],"version-history":[{"count":1,"href":"https:\/\/www.aef.nu\/index.php?rest_route=\/wp\/v2\/pages\/4781\/revisions"}],"predecessor-version":[{"id":4784,"href":"https:\/\/www.aef.nu\/index.php?rest_route=\/wp\/v2\/pages\/4781\/revisions\/4784"}],"wp:attachment":[{"href":"https:\/\/www.aef.nu\/index.php?rest_route=%2Fwp%2Fv2%2Fmedia&parent=4781"}],"curies":[{"name":"wp","href":"https:\/\/api.w.org\/{rel}","templated":true}]}}