{"id":4691,"date":"2023-02-01T11:22:28","date_gmt":"2023-02-01T10:22:28","guid":{"rendered":"https:\/\/www.aef.nu\/?page_id=4691"},"modified":"2023-02-01T11:22:29","modified_gmt":"2023-02-01T10:22:29","slug":"langedrags-batvarv-information-och-utredningar","status":"publish","type":"page","link":"https:\/\/www.aef.nu\/?page_id=4691","title":{"rendered":"L\u00e5ngedrags b\u00e5tvarv information och utredningar"},"content":{"rendered":"<p><a href=\"https:\/\/www.aef.nu\/wp-content\/uploads\/2023\/02\/Detaljplan-Langedrags-batvarv-28-okt-2022.pdf\"><strong>Detaljpan f\u00f6r bost\u00e4der vid L\u00e5ngedrags b\u00e5tvarv i stadsdelen \u00c4lvsborg G\u00f6teborg<\/strong><\/a><\/p>\n<h2><strong>Underlagsunders\u00f6kningar till Detaljplan<\/strong><\/h2>\n<p><a href=\"https:\/\/www.aef.nu\/wp-content\/uploads\/2023\/02\/Bergteknik-DP-Langedrags-batvarv.pdf\">Bergteknisk rapport<\/a><\/p>\n<p><a href=\"https:\/\/www.aef.nu\/wp-content\/uploads\/2023\/02\/Bullerkartor-DP-Langedrags-batvarv.pdf\">Bullerkartor<\/a><\/p>\n<p><a href=\"https:\/\/www.aef.nu\/wp-content\/uploads\/2023\/02\/Bullerutredning-DP-Langedrags-batvarv.pdf\">Bullerutredning<\/a><\/p>\n<p><a href=\"https:\/\/www.aef.nu\/wp-content\/uploads\/2023\/02\/Dagvatten-och-skyfallsutredning-Langedrags-batvarv.pdf\">Dagvatten skyfall och \u00f6versv\u00e4mningsutredning<\/a><\/p>\n<p><a href=\"https:\/\/www.aef.nu\/wp-content\/uploads\/2023\/02\/Dagvatten-och-skyfallsutredning-Langedrags-batvarv.pdf\">Geoteknisk rapport<\/a><\/p>\n<p><a href=\"https:\/\/www.aef.nu\/wp-content\/uploads\/2023\/02\/Grundkarta-planomrade-Langedrags-batvarv-27-okt-2022.pdf\">Grundkarta planomr\u00e5de L\u00e5ngedrags b\u00e5tvarv<\/a><\/p>\n<p><a href=\"https:\/\/www.aef.nu\/wp-content\/uploads\/2023\/02\/Illustrationskarta-planomrade-Langedrags-batvarv-27-okt-2022.pdf\">Illustrationskarta planomr\u00e5de L\u00e5ngedrags b\u00e5tvarv<\/a><\/p>\n<p><a href=\"https:\/\/www.aef.nu\/wp-content\/uploads\/2023\/02\/Markteknisk-markundersokningsrapport-DP-Langedrags-batvarv.pdf\">Markteknisk milj\u00f6unders\u00f6kning<\/a><\/p>\n<p><a href=\"https:\/\/www.aef.nu\/wp-content\/uploads\/2023\/02\/Miljoteknisk-markundersokningsrapport-DP-Langedrags-batvarv.pdf\">Milj\u00f6teknisk markunders\u00f6kning<\/a><\/p>\n<p><a href=\"https:\/\/www.aef.nu\/wp-content\/uploads\/2023\/02\/Mobilitets-och-parkeringsutredning_DP-Langedrag.pdf\">Mobilitets och parkeringsutredning<\/a><\/p>\n<p><a href=\"https:\/\/www.aef.nu\/wp-content\/uploads\/2023\/02\/Naturvardesinventering-marin-DP-Langedrags-batvarv.pdf\">Naturv\u00e4rdesinventering Marin<\/a><\/p>\n<p><a href=\"https:\/\/www.aef.nu\/wp-content\/uploads\/2023\/02\/Naturvardesinventering-DP-Langedrags-batvarv.pdf\">Naturv\u00e4rdesinventering Land<\/a><\/p>\n<p><a href=\"https:\/\/www.aef.nu\/wp-content\/uploads\/2023\/02\/Plankarta-med-byggnadshojder-27-okt-2022.pdf\">Plankarta med byggnadsh\u00f6jder<\/a><\/p>\n<p><a href=\"https:\/\/www.aef.nu\/wp-content\/uploads\/2023\/02\/Startplan-2021-beslut-i-SBN-15-dec-2020.pdf\">Startplan 2021 beslut i SBN 15 dec 2020<\/a><\/p>\n<p><a href=\"https:\/\/www.aef.nu\/wp-content\/uploads\/2023\/02\/Tjansteutlatande-detaljplan-Langedrags-batvarv-8-nov-2022.pdf\">Tj\u00e4nsteutl\u00e5tande detaljplan L\u00e5ngedrags b\u00e5tvarv 8 nov 2022<\/a><\/p>\n<p><a href=\"https:\/\/www.aef.nu\/wp-content\/uploads\/2023\/02\/Trafik-Langedrags-batvarv.pdf\">Trafikutredning<\/a><\/p>\n<p><a href=\"https:\/\/www.aef.nu\/wp-content\/uploads\/2023\/02\/Undersokning-om-betydande-miljopaverkan-DP-Langedrags-batvarv.pdf\">Unders\u00f6kning om betydande mil\u00f6p\u00e5verkan<\/a><\/p>\n<h2><\/h2>\n","protected":false},"excerpt":{"rendered":"<p>Detaljpan f\u00f6r bost\u00e4der vid L\u00e5ngedrags b\u00e5tvarv i stadsdelen \u00c4lvsborg G\u00f6teborg Underlagsunders\u00f6kningar till Detaljplan Bergteknisk rapport Bullerkartor Bullerutredning Dagvatten skyfall och \u00f6versv\u00e4mningsutredning Geoteknisk rapport Grundkarta planomr\u00e5de L\u00e5ngedrags b\u00e5tvarv Illustrationskarta planomr\u00e5de L\u00e5ngedrags b\u00e5tvarv Markteknisk milj\u00f6unders\u00f6kning Milj\u00f6teknisk markunders\u00f6kning Mobilitets och parkeringsutredning Naturv\u00e4rdesinventering Marin Naturv\u00e4rdesinventering Land Plankarta med byggnadsh\u00f6jder Startplan 2021 beslut i SBN 15 dec 2020 Tj\u00e4nsteutl\u00e5tande detaljplan [&hellip;]<\/p>\n","protected":false},"author":3,"featured_media":0,"parent":0,"menu_order":0,"comment_status":"closed","ping_status":"closed","template":"","meta":{"footnotes":""},"class_list":["post-4691","page","type-page","status-publish","hentry","post"],"_links":{"self":[{"href":"https:\/\/www.aef.nu\/index.php?rest_route=\/wp\/v2\/pages\/4691","targetHints":{"allow":["GET"]}}],"collection":[{"href":"https:\/\/www.aef.nu\/index.php?rest_route=\/wp\/v2\/pages"}],"about":[{"href":"https:\/\/www.aef.nu\/index.php?rest_route=\/wp\/v2\/types\/page"}],"author":[{"embeddable":true,"href":"https:\/\/www.aef.nu\/index.php?rest_route=\/wp\/v2\/users\/3"}],"replies":[{"embeddable":true,"href":"https:\/\/www.aef.nu\/index.php?rest_route=%2Fwp%2Fv2%2Fcomments&post=4691"}],"version-history":[{"count":3,"href":"https:\/\/www.aef.nu\/index.php?rest_route=\/wp\/v2\/pages\/4691\/revisions"}],"predecessor-version":[{"id":4754,"href":"https:\/\/www.aef.nu\/index.php?rest_route=\/wp\/v2\/pages\/4691\/revisions\/4754"}],"wp:attachment":[{"href":"https:\/\/www.aef.nu\/index.php?rest_route=%2Fwp%2Fv2%2Fmedia&parent=4691"}],"curies":[{"name":"wp","href":"https:\/\/api.w.org\/{rel}","templated":true}]}}