{"id":4325,"date":"2022-06-14T11:03:34","date_gmt":"2022-06-14T09:03:34","guid":{"rendered":"https:\/\/www.aef.nu\/?page_id=4325"},"modified":"2022-06-14T11:03:34","modified_gmt":"2022-06-14T09:03:34","slug":"parkslide","status":"publish","type":"page","link":"https:\/\/www.aef.nu\/?page_id=4325","title":{"rendered":"Parkslide"},"content":{"rendered":"<div class=\"sc-kfzAmx cdZNPF\">\n<div class=\"sc-kfzAmx cybzoh\">\n<div class=\"sc-fKFyDc ceVBBj\">\n<h2 class=\"sc-fFubgz kACNWn\">Parkslide<\/h2>\n<p>(Utdrag fr\u00e5n <a href=\"https:\/\/www.naturvardsverket.se\/amnesomraden\/invasiva-frammande-arter\/Arter\/arter-som-ej-omfattas-av-regler\/parkslide\">Naturv\u00e5rdsverkets<\/a> sida om parkslide)<\/p>\n<div class=\"sc-dmlrTW cvQxvD\">\n<div class=\"sc-dmlrTW XvsVQ\">\n<p class=\"sc-kEjbxe WPlhq\">Parkslide, sl\u00e4ktingen j\u00e4tteslide och hybriden hybridslide \u00e4r alla seglivade v\u00e4xter med mycket stor spridningskraft, som snabbt kan ta \u00f6ver stora omr\u00e5den och tr\u00e4nger ut andra arter. De \u00e4r stora problem i tr\u00e4dg\u00e5rdar och i infrastruktur och \u00e4r mycket sv\u00e5ra att bek\u00e4mpa.<\/p>\n<\/div>\n<\/div>\n<\/div>\n<\/div>\n<\/div>\n<div class=\"sc-dmlrTW hiIgXR\">\n<div class=\"sc-kfzAmx cdZNPF\">\n<div class=\"sc-kfzAmx cybzoh\">\n<div class=\"sc-fKFyDc ceVBBj\">\n<div class=\"sc-hBEYos gPasJV\">\n<p>Informationen om\u00a0<strong>parkslide<\/strong>\u00a0<em>(Reynoutria japonica, tidigare Fallopia japonica)<\/em>\u00a0\u00e4r giltig \u00e4ven f\u00f6r sl\u00e4ktingen<strong>\u00a0j\u00e4tteslide<\/strong>\u00a0<em>(Reynoutria sachalinensis)<\/em>\u00a0och hybriden\u00a0<strong>hybridslide<\/strong>\u00a0<em>(Reynoutria x bohemica)<\/em>.<\/p>\n<h3>Viktigt!<\/h3>\n<\/div>\n<\/div>\n<\/div>\n<\/div>\n<\/div>\n<div class=\"sc-dmlrTW iucuzQ\">\n<div class=\"sc-kfzAmx cdZNPF\">\n<div class=\"sc-kfzAmx cybzoh\">\n<div class=\"sc-fKFyDc ceVBBj\">\n<div class=\"sc-hBEYos gPasJV\">\n<div>\n<p>Naturv\u00e5rdsverket rekommenderar att du avst\u00e5r fr\u00e5n att plantera parkslide, j\u00e4tteslide och hybridslide och att du hanterar dem mycket f\u00f6rsiktigt om du har dem p\u00e5 din mark. En felaktig hantering eller bek\u00e4mpning riskerar att leda till \u00f6kad spridning. L\u00e4s mer nedan.<\/p>\n<\/div>\n<\/div>\n<\/div>\n<\/div>\n<\/div>\n<\/div>\n<p>&nbsp;<\/p>\n<h2>Mail till Park- och Naturn\u00e4mnden den 5 juni<\/h2>\n<p><strong>Katastrofal r\u00f6jning av parkslide i Kungssten<\/strong><\/p>\n<p>Hej!<\/p>\n<p>Jag har noterat att det v\u00e4xer ett stort best\u00e5nd parkslide l\u00e4ngs sp\u00e5rvagnssp\u00e5ret och cykelbanan vid Kungssten. I slutet av f\u00f6rra veckan rensades ogr\u00e4s l\u00e4ngs banvallar och refuger i omr\u00e5det. Till min stora f\u00f6rv\u00e5ning verkar parksliden ha r\u00f6jts bort med samma redskap som annat ogr\u00e4s!!! Slarvigt kapade stammar och m\u00e4ngder av v\u00e4xtdelar ligger kvar l\u00e4ngs cykelbanan och sp\u00e5ren. Bild bifogas. Att begr\u00e4nsa spridningen av parkslide p\u00e5 s\u00e5v\u00e4l kommunal mark som till tr\u00e4dg\u00e5rdarna i omr\u00e5det \u00e4r superviktigt! Denna typ av r\u00f6jning riskerar att sprida den l\u00e4ngs hela sp\u00e5rstr\u00e4ckningen. Tacksam om ni omedelbart agerar p\u00e5 detta d\u00e5 arbetena sannolikt \u00e5terupptas p\u00e5 tisdag och en del best\u00e5nd st\u00e5r kvar (de som \u00e4r p\u00e5 andra sidan bullerplanket mot leden). Om det \u00e4r V\u00e4sttrafik som ansvarar f\u00f6r sp\u00e5ren, vidarebefordra g\u00e4rna informationen till dem.<\/p>\n<p>Med v\u00e4nliga h\u00e4lsningar<\/p>\n<p>Fredrik Rosenhall<\/p>\n<p>(Ledamot i \u00c4EFs styrelse)<\/p>\n<p><img loading=\"lazy\" decoding=\"async\" class=\"wp-image-4316 aligncenter\" src=\"https:\/\/www.aef.nu\/wp-content\/uploads\/2022\/06\/Parkslide-vid-Kungsten-225x300.jpg\" alt=\"\" width=\"235\" height=\"314\" srcset=\"https:\/\/www.aef.nu\/wp-content\/uploads\/2022\/06\/Parkslide-vid-Kungsten-225x300.jpg 225w, https:\/\/www.aef.nu\/wp-content\/uploads\/2022\/06\/Parkslide-vid-Kungsten-768x1024.jpg 768w, https:\/\/www.aef.nu\/wp-content\/uploads\/2022\/06\/Parkslide-vid-Kungsten-1152x1536.jpg 1152w, https:\/\/www.aef.nu\/wp-content\/uploads\/2022\/06\/Parkslide-vid-Kungsten-1536x2048.jpg 1536w, https:\/\/www.aef.nu\/wp-content\/uploads\/2022\/06\/Parkslide-vid-Kungsten-scaled.jpg 1920w\" sizes=\"auto, (max-width: 235px) 100vw, 235px\" \/><\/p>\n","protected":false},"excerpt":{"rendered":"<p>Parkslide (Utdrag fr\u00e5n Naturv\u00e5rdsverkets sida om parkslide) Parkslide, sl\u00e4ktingen j\u00e4tteslide och hybriden hybridslide \u00e4r alla seglivade v\u00e4xter med mycket stor spridningskraft, som snabbt kan ta \u00f6ver stora omr\u00e5den och tr\u00e4nger ut andra arter. De \u00e4r stora problem i tr\u00e4dg\u00e5rdar och i infrastruktur och \u00e4r mycket sv\u00e5ra att bek\u00e4mpa. Informationen om\u00a0parkslide\u00a0(Reynoutria japonica, tidigare Fallopia japonica)\u00a0\u00e4r giltig [&hellip;]<\/p>\n","protected":false},"author":3,"featured_media":0,"parent":0,"menu_order":0,"comment_status":"closed","ping_status":"closed","template":"","meta":{"footnotes":""},"class_list":["post-4325","page","type-page","status-publish","hentry","post"],"_links":{"self":[{"href":"https:\/\/www.aef.nu\/index.php?rest_route=\/wp\/v2\/pages\/4325","targetHints":{"allow":["GET"]}}],"collection":[{"href":"https:\/\/www.aef.nu\/index.php?rest_route=\/wp\/v2\/pages"}],"about":[{"href":"https:\/\/www.aef.nu\/index.php?rest_route=\/wp\/v2\/types\/page"}],"author":[{"embeddable":true,"href":"https:\/\/www.aef.nu\/index.php?rest_route=\/wp\/v2\/users\/3"}],"replies":[{"embeddable":true,"href":"https:\/\/www.aef.nu\/index.php?rest_route=%2Fwp%2Fv2%2Fcomments&post=4325"}],"version-history":[{"count":1,"href":"https:\/\/www.aef.nu\/index.php?rest_route=\/wp\/v2\/pages\/4325\/revisions"}],"predecessor-version":[{"id":4328,"href":"https:\/\/www.aef.nu\/index.php?rest_route=\/wp\/v2\/pages\/4325\/revisions\/4328"}],"wp:attachment":[{"href":"https:\/\/www.aef.nu\/index.php?rest_route=%2Fwp%2Fv2%2Fmedia&parent=4325"}],"curies":[{"name":"wp","href":"https:\/\/api.w.org\/{rel}","templated":true}]}}