{"id":4208,"date":"2022-05-04T21:15:47","date_gmt":"2022-05-04T19:15:47","guid":{"rendered":"https:\/\/www.aef.nu\/?page_id=4208"},"modified":"2022-05-04T21:15:49","modified_gmt":"2022-05-04T19:15:49","slug":"vad-vill-aef","status":"publish","type":"page","link":"https:\/\/www.aef.nu\/?page_id=4208","title":{"rendered":"Vad vill \u00c4EF?"},"content":{"rendered":"\n<div class=\"wp-block-themeisle-blocks-advanced-columns has-1-columns has-desktop-equal-layout has-tablet-equal-layout has-mobile-equal-layout has-default-gap has-vertical-unset\" id=\"wp-block-themeisle-blocks-advanced-columns-a81afa01\"><div class=\"wp-block-themeisle-blocks-advanced-columns-overlay\"><\/div><div class=\"innerblocks-wrap\">\n<div class=\"wp-block-themeisle-blocks-advanced-column\" id=\"wp-block-themeisle-blocks-advanced-column-9516dc8e\">\n<figure class=\"wp-block-pullquote\"><blockquote><p>\u00c4lvsborgs Egnahemsf\u00f6rening arbetar f\u00f6r en god boendemilj\u00f6 och trivsel i \u00c4lvsborg. Vi g\u00f6r det genom starka n\u00e4tverk mellan m\u00e4nniskor, och kontakter med myndigheter och f\u00f6retag i fr\u00e5gor om stadsplanering, kommunal service, kulturutbud, kulturminnesv\u00e5rd m.m.<\/p><\/blockquote><\/figure>\n<\/div>\n<\/div><\/div>\n\n\n\n<p>\u00c4lvsborg \u00e4r en unik del av G\u00f6teborg. Stadsdelen rymmer vackra naturomr\u00e5den och kulturhistorisk bebyggelse fr\u00e5n m\u00e5nga olika epoker. H\u00e4r finns kustnatur med hisnande utsikt och str\u00f6vomr\u00e5den, hamnmilj\u00f6er och v\u00e4lsk\u00f6tta hus fr\u00e5n 1700-talet och fram\u00e5t. I \u00c4lvsborg finns starka n\u00e4tverk mellan m\u00e4nniskor, vilka underst\u00f6ds av alla de sm\u00e5 centrumbildningar som bildats kring sp\u00e5rvagnslinjens h\u00e5llplatser och andra knutpunkter.<\/p>\n\n\n\n<p>\u00c4lvsborgs Egnahemsf\u00f6rening grundades 1928 och har genom \u00e5ren drivit olika fr\u00e5gor av intresse f\u00f6r de boende i stadsdelen sedan dess. Enligt stadgarna \u00e4r \u00c4EF en ideell f\u00f6rening, som har till \u00e4ndam\u00e5l att tillvarata medlemmarnas intressen av att samverka gentemot myndigheter och f\u00f6retag i fr\u00e5gor om stadsplanering, kommunal service, kulturutbud, kulturminnesv\u00e5rd m.m. som ber\u00f6r stadsdelen \u00c4lvsborg. &nbsp;Verksamheten skall fr\u00e4mja trivsel och god boendemilj\u00f6 i omr\u00e5det.<\/p>\n\n\n\n<p>\u00c4EF deltar i utvecklingen av stadsdelen genom att presentera f\u00f6rslag p\u00e5 utvecklingsm\u00f6jligheter f\u00f6r olika omr\u00e5den, som till exempel Saltholmen som skulle kunna bli en p\u00e4rla f\u00f6r g\u00f6teborgarna med m\u00f6jlighet till m\u00e5nga fler aktiviteter och m\u00f6tesplatser \u00e4n idag. Vi engagerar oss i trafikfr\u00e5gor och var drivande i utformningen av Nya Varvet-motet. Vi f\u00f6rs\u00f6ker driva p\u00e5 s\u00e5 att naturomr\u00e5dena blir tillg\u00e4ngliga genom stigar och str\u00e5k, och vi driver p\u00e5 f\u00f6r f\u00f6rb\u00e4ttring av cykel- och g\u00e5ngbanor genom stadsdelen.<\/p>\n\n\n\n<p>Idag \u00e4r det ett h\u00e5rt tryck p\u00e5 att bygga mer i stadsdelen. Vi i \u00c4lvsborgs egnahemsf\u00f6rening anser att det \u00e4r mycket viktigt att varje byggprojekt bidrar till en \u00e4nnu b\u00e4ttre helhet. Alla byggprojekt m\u00e5ste ta sin b\u00f6rjan i en \u00f6nskan att skapa en \u00e4nnu mer attraktiv stadsdel, inte att bara att maximera yta. Nya byggnader kan skapa kvaliteter i \u00f6kad service och nya arkitektoniska former, men de kan ocks\u00e5 bli klumpiga tillskott som f\u00f6rst\u00f6r natur- och kulturmilj\u00f6n.<\/p>\n\n\n\n<p>Vi vill att ny bebyggelse tar utg\u00e5ngspunkt i f\u00f6ljande;<\/p>\n\n\n\n<ul class=\"wp-block-list\"><li>F\u00f6rst\u00e4rk stadsdelens unika karakt\u00e4r, bygg i harmoni med landskapet och den \u00e4ldre bebyggelsen<\/li><li>F\u00f6rt\u00e4ta p\u00e5 platser som redan \u00e4r anspr\u00e5kstagna av t ex parkeringar och \u00e4ldre industribyggnader<\/li><li>St\u00e4ll krav p\u00e5 aktiva bottenplan och noggrann arkitektonisk utformning n\u00e4r det byggs p\u00e5 platser d\u00e4r m\u00e5nga m\u00e4nniskor r\u00f6r sig<\/li><li>Riv inte villor f\u00f6r att bygga flerbostadshus<\/li><li>V\u00e4rna om stadsdelens fina naturomr\u00e5den<\/li><li>Utveckla hamnmilj\u00f6erna till trivsamma m\u00f6tesplatser f\u00f6r g\u00f6teborgare och turister<\/li><li>Involvera stadsdelens boende tidigt i alla plan- och byggprojekt, och utnyttja m\u00e4nniskors engagemang i sin hembygd.<\/li><\/ul>\n","protected":false},"excerpt":{"rendered":"<p>\u00c4lvsborg \u00e4r en unik del av G\u00f6teborg. Stadsdelen rymmer vackra naturomr\u00e5den och kulturhistorisk bebyggelse fr\u00e5n m\u00e5nga olika epoker. H\u00e4r finns kustnatur med hisnande utsikt och str\u00f6vomr\u00e5den, hamnmilj\u00f6er och v\u00e4lsk\u00f6tta hus fr\u00e5n 1700-talet och fram\u00e5t. I \u00c4lvsborg finns starka n\u00e4tverk mellan m\u00e4nniskor, vilka underst\u00f6ds av alla de sm\u00e5 centrumbildningar som bildats kring sp\u00e5rvagnslinjens h\u00e5llplatser och andra [&hellip;]<\/p>\n","protected":false},"author":1,"featured_media":0,"parent":0,"menu_order":0,"comment_status":"closed","ping_status":"closed","template":"","meta":{"footnotes":""},"class_list":["post-4208","page","type-page","status-publish","hentry","post"],"_links":{"self":[{"href":"https:\/\/www.aef.nu\/index.php?rest_route=\/wp\/v2\/pages\/4208","targetHints":{"allow":["GET"]}}],"collection":[{"href":"https:\/\/www.aef.nu\/index.php?rest_route=\/wp\/v2\/pages"}],"about":[{"href":"https:\/\/www.aef.nu\/index.php?rest_route=\/wp\/v2\/types\/page"}],"author":[{"embeddable":true,"href":"https:\/\/www.aef.nu\/index.php?rest_route=\/wp\/v2\/users\/1"}],"replies":[{"embeddable":true,"href":"https:\/\/www.aef.nu\/index.php?rest_route=%2Fwp%2Fv2%2Fcomments&post=4208"}],"version-history":[{"count":1,"href":"https:\/\/www.aef.nu\/index.php?rest_route=\/wp\/v2\/pages\/4208\/revisions"}],"predecessor-version":[{"id":4211,"href":"https:\/\/www.aef.nu\/index.php?rest_route=\/wp\/v2\/pages\/4208\/revisions\/4211"}],"wp:attachment":[{"href":"https:\/\/www.aef.nu\/index.php?rest_route=%2Fwp%2Fv2%2Fmedia&parent=4208"}],"curies":[{"name":"wp","href":"https:\/\/api.w.org\/{rel}","templated":true}]}}