{"id":41,"date":"2018-10-29T19:41:29","date_gmt":"2018-10-29T18:41:29","guid":{"rendered":"http:\/\/www.aef.nu\/?page_id=41"},"modified":"2024-04-02T17:45:38","modified_gmt":"2024-04-02T15:45:38","slug":"kontakt","status":"publish","type":"page","link":"https:\/\/www.aef.nu\/?page_id=41","title":{"rendered":"Kontakt"},"content":{"rendered":"\n<p><strong>Skriv brev till oss p\u00e5 adress<\/strong><\/p>\n\n\n\n<p>\u00c4lvsborgs egnahemsf\u00f6rening<br>C\/O Margareta Johansson<br>Billingegatan 7<br>426 71 V\u00e4stra Fr\u00f6lunda<\/p>\n\n\n\n<p>Eller skicka epost till <a href=\"mailto:ordforande@aef.nu\">ordforande@aef.nu<\/a><\/p>\n","protected":false},"excerpt":{"rendered":"<p>Skriv brev till oss p\u00e5 adress \u00c4lvsborgs egnahemsf\u00f6reningC\/O Margareta JohanssonBillingegatan 7426 71 V\u00e4stra Fr\u00f6lunda Eller skicka epost till ordforande@aef.nu<\/p>\n","protected":false},"author":1,"featured_media":0,"parent":0,"menu_order":0,"comment_status":"closed","ping_status":"closed","template":"","meta":{"footnotes":""},"class_list":["post-41","page","type-page","status-publish","hentry","post"],"_links":{"self":[{"href":"https:\/\/www.aef.nu\/index.php?rest_route=\/wp\/v2\/pages\/41","targetHints":{"allow":["GET"]}}],"collection":[{"href":"https:\/\/www.aef.nu\/index.php?rest_route=\/wp\/v2\/pages"}],"about":[{"href":"https:\/\/www.aef.nu\/index.php?rest_route=\/wp\/v2\/types\/page"}],"author":[{"embeddable":true,"href":"https:\/\/www.aef.nu\/index.php?rest_route=\/wp\/v2\/users\/1"}],"replies":[{"embeddable":true,"href":"https:\/\/www.aef.nu\/index.php?rest_route=%2Fwp%2Fv2%2Fcomments&post=41"}],"version-history":[{"count":8,"href":"https:\/\/www.aef.nu\/index.php?rest_route=\/wp\/v2\/pages\/41\/revisions"}],"predecessor-version":[{"id":5630,"href":"https:\/\/www.aef.nu\/index.php?rest_route=\/wp\/v2\/pages\/41\/revisions\/5630"}],"wp:attachment":[{"href":"https:\/\/www.aef.nu\/index.php?rest_route=%2Fwp%2Fv2%2Fmedia&parent=41"}],"curies":[{"name":"wp","href":"https:\/\/api.w.org\/{rel}","templated":true}]}}