{"id":4028,"date":"2022-03-24T06:02:45","date_gmt":"2022-03-24T05:02:45","guid":{"rendered":"https:\/\/www.aef.nu\/?page_id=4028"},"modified":"2022-05-06T11:09:42","modified_gmt":"2022-05-06T09:09:42","slug":"arsmote-2022","status":"publish","type":"page","link":"https:\/\/www.aef.nu\/?page_id=4028","title":{"rendered":"\u00c5rsm\u00f6te 2022"},"content":{"rendered":"\n<h2 class=\"wp-block-heading\" id=\"intresserad-av-vart-alvsborg\">\u00c4EF \u00e5rsm\u00f6te 19 april 2022<\/h2>\n\n\n\n<p>\u00c5rsm\u00f6tet h\u00f6lls kl 19:00 i stora salen i f\u00f6rsamlingshemmet vid \u00c4lvsborgs kyrka, och ett fyrtiotal medlemmar trotsade det vackra v\u00e5rv\u00e4dret och infann sej. <\/p>\n\n\n\n<p>Raimo Lindstr\u00f6m lotsade vant \u00e5rsm\u00f6tet till ett lyckligt genomf\u00f6rande. <\/p>\n\n\n\n<p>Vi avtackade tv\u00e5 styrelsemedlemmar: PO Ryd\u00e9n och Bengt Eriksson, och v\u00e4lkomnade tv\u00e5 nya: Hannes Vedin och Agneta Andersson. Anders Elleg\u00e5rd omvaldes till ordf\u00f6rande.<\/p>\n\n\n\n<p>\u201d<em>P\u00e5 kryss med Taube<\/em>\u201d framf\u00f6rdes av trubaduren Martin Bagge och skriftst\u00e4llaren David Anthin. Nedan n\u00e5gra bilder.<\/p>\n\n\n\n<figure class=\"wp-block-image size-large\"><img loading=\"lazy\" decoding=\"async\" width=\"1024\" height=\"690\" src=\"https:\/\/www.aef.nu\/wp-content\/uploads\/2022\/04\/Nojda-motesdeltagare-lyssnade-till-Martin-Baggesang-och-gitarr.-1024x690.jpg\" alt=\"\" class=\"wp-image-4109\" srcset=\"https:\/\/www.aef.nu\/wp-content\/uploads\/2022\/04\/Nojda-motesdeltagare-lyssnade-till-Martin-Baggesang-och-gitarr.-1024x690.jpg 1024w, https:\/\/www.aef.nu\/wp-content\/uploads\/2022\/04\/Nojda-motesdeltagare-lyssnade-till-Martin-Baggesang-och-gitarr.-300x202.jpg 300w, https:\/\/www.aef.nu\/wp-content\/uploads\/2022\/04\/Nojda-motesdeltagare-lyssnade-till-Martin-Baggesang-och-gitarr.-768x518.jpg 768w, https:\/\/www.aef.nu\/wp-content\/uploads\/2022\/04\/Nojda-motesdeltagare-lyssnade-till-Martin-Baggesang-och-gitarr.-1536x1036.jpg 1536w, https:\/\/www.aef.nu\/wp-content\/uploads\/2022\/04\/Nojda-motesdeltagare-lyssnade-till-Martin-Baggesang-och-gitarr.-272x182.jpg 272w, https:\/\/www.aef.nu\/wp-content\/uploads\/2022\/04\/Nojda-motesdeltagare-lyssnade-till-Martin-Baggesang-och-gitarr..jpg 1900w\" sizes=\"auto, (max-width: 1024px) 100vw, 1024px\" \/><figcaption>N\u00f6jda m\u00f6tesdeltagare lyssnade till Martin Bagge, s\u00e5ng och gitarr. Foto Frank Palm<\/figcaption><\/figure>\n\n\n\n<figure class=\"wp-block-image size-large\"><img loading=\"lazy\" decoding=\"async\" width=\"1024\" height=\"438\" src=\"https:\/\/www.aef.nu\/wp-content\/uploads\/2022\/04\/Det-var-i-Adelaide-Evert-rakade-illa-ut-fint-illustrerat-av-David-Anthin.-1024x438.jpg\" alt=\"\" class=\"wp-image-4118\" srcset=\"https:\/\/www.aef.nu\/wp-content\/uploads\/2022\/04\/Det-var-i-Adelaide-Evert-rakade-illa-ut-fint-illustrerat-av-David-Anthin.-1024x438.jpg 1024w, https:\/\/www.aef.nu\/wp-content\/uploads\/2022\/04\/Det-var-i-Adelaide-Evert-rakade-illa-ut-fint-illustrerat-av-David-Anthin.-300x128.jpg 300w, https:\/\/www.aef.nu\/wp-content\/uploads\/2022\/04\/Det-var-i-Adelaide-Evert-rakade-illa-ut-fint-illustrerat-av-David-Anthin.-768x328.jpg 768w, https:\/\/www.aef.nu\/wp-content\/uploads\/2022\/04\/Det-var-i-Adelaide-Evert-rakade-illa-ut-fint-illustrerat-av-David-Anthin.-1536x656.jpg 1536w, https:\/\/www.aef.nu\/wp-content\/uploads\/2022\/04\/Det-var-i-Adelaide-Evert-rakade-illa-ut-fint-illustrerat-av-David-Anthin..jpg 1900w\" sizes=\"auto, (max-width: 1024px) 100vw, 1024px\" \/><figcaption>&#8221;Hand o&#8217;er your money, be quick you big damn fool!&#8221; (Ur Karl-Alfred och Ellinor av E.Taube) Foto Frank Palm<\/figcaption><\/figure>\n\n\n\n<figure class=\"wp-block-image size-large is-resized\"><img loading=\"lazy\" decoding=\"async\" src=\"https:\/\/www.aef.nu\/wp-content\/uploads\/2022\/04\/Samspelet-funkar-efter-sex-ars-turnerande-och-konserterande.-1024x967.jpg\" alt=\"\" class=\"wp-image-4115\" width=\"720\" height=\"679\" srcset=\"https:\/\/www.aef.nu\/wp-content\/uploads\/2022\/04\/Samspelet-funkar-efter-sex-ars-turnerande-och-konserterande.-1024x967.jpg 1024w, https:\/\/www.aef.nu\/wp-content\/uploads\/2022\/04\/Samspelet-funkar-efter-sex-ars-turnerande-och-konserterande.-300x283.jpg 300w, https:\/\/www.aef.nu\/wp-content\/uploads\/2022\/04\/Samspelet-funkar-efter-sex-ars-turnerande-och-konserterande.-1536x1451.jpg 1536w, https:\/\/www.aef.nu\/wp-content\/uploads\/2022\/04\/Samspelet-funkar-efter-sex-ars-turnerande-och-konserterande..jpg 1900w\" sizes=\"auto, (max-width: 720px) 100vw, 720px\" \/><figcaption>&#8221;Karl-Alfred fr\u00e5gar vad ska du med den?&#8221;. (Ur Karl-Alfred och Ellinor av E.Taube) Foto Frank Palm<\/figcaption><\/figure>\n\n\n\n<figure class=\"wp-block-image size-large\"><img loading=\"lazy\" decoding=\"async\" width=\"683\" height=\"1024\" src=\"https:\/\/www.aef.nu\/wp-content\/uploads\/2022\/04\/Ordforande-Anders-Ellegard-ar-Agaren-till-den-koster-som-Martin-och-David-kryssat-upp-och-ner-for-Bohuskusten.-Anders-blev-ocksa-omvald-till-ordforande-for-ytterligare-ett-ar.-683x1024.jpg\" alt=\"\" class=\"wp-image-4112\" srcset=\"https:\/\/www.aef.nu\/wp-content\/uploads\/2022\/04\/Ordforande-Anders-Ellegard-ar-Agaren-till-den-koster-som-Martin-och-David-kryssat-upp-och-ner-for-Bohuskusten.-Anders-blev-ocksa-omvald-till-ordforande-for-ytterligare-ett-ar.-683x1024.jpg 683w, https:\/\/www.aef.nu\/wp-content\/uploads\/2022\/04\/Ordforande-Anders-Ellegard-ar-Agaren-till-den-koster-som-Martin-och-David-kryssat-upp-och-ner-for-Bohuskusten.-Anders-blev-ocksa-omvald-till-ordforande-for-ytterligare-ett-ar.-200x300.jpg 200w, https:\/\/www.aef.nu\/wp-content\/uploads\/2022\/04\/Ordforande-Anders-Ellegard-ar-Agaren-till-den-koster-som-Martin-och-David-kryssat-upp-och-ner-for-Bohuskusten.-Anders-blev-ocksa-omvald-till-ordforande-for-ytterligare-ett-ar.-768x1152.jpg 768w, https:\/\/www.aef.nu\/wp-content\/uploads\/2022\/04\/Ordforande-Anders-Ellegard-ar-Agaren-till-den-koster-som-Martin-och-David-kryssat-upp-och-ner-for-Bohuskusten.-Anders-blev-ocksa-omvald-till-ordforande-for-ytterligare-ett-ar.-1024x1536.jpg 1024w, https:\/\/www.aef.nu\/wp-content\/uploads\/2022\/04\/Ordforande-Anders-Ellegard-ar-Agaren-till-den-koster-som-Martin-och-David-kryssat-upp-och-ner-for-Bohuskusten.-Anders-blev-ocksa-omvald-till-ordforande-for-ytterligare-ett-ar..jpg 1267w\" sizes=\"auto, (max-width: 683px) 100vw, 683px\" \/><figcaption>Ordf\u00f6rande Anders Elleg\u00e5rd \u00e4r \u00c4garen till den koster (Flory) som Martin och David kryssat med, upp och ner f\u00f6r Bohuskusten. Anders blev ocks\u00e5 omvald till ordf\u00f6rande f\u00f6r ytterligare ett \u00e5r. Foto Frank Palm<\/figcaption><\/figure>\n\n\n\n<ul class=\"wp-block-list\"><li><a href=\"https:\/\/www.aef.nu\/wp-content\/uploads\/2022\/03\/Arsmote-2022-19-april-inbjudan.pdf\">Inbjudan till \u00c4EFs \u00e5rsm\u00f6te<\/a><\/li><li><a href=\"https:\/\/www.aef.nu\/wp-content\/uploads\/2022\/03\/Arsmote-2022-19-april-dagordning.pdf\">Dagordning f\u00f6r \u00e5rsm\u00f6tet<\/a><\/li><li><a href=\"https:\/\/www.aef.nu\/wp-content\/uploads\/2022\/03\/Arsmote-2022-19-april-verksamhetsberattelse.pdf\">Verksamhetsber\u00e4ttelse f\u00f6r \u00e5ret 2021<\/a><\/li><li><a rel=\"noreferrer noopener\" href=\"https:\/\/www.aef.nu\/wp-content\/uploads\/2022\/03\/revberattelse.pdf\" target=\"_blank\">Revisionsber\u00e4ttelse<\/a><\/li><li><a href=\"https:\/\/www.aef.nu\/wp-content\/uploads\/2022\/03\/Arsmote-2022-19-april-valberedningsforslag.pdf\">Valberedningens f\u00f6rslag f\u00f6r 2022<\/a><\/li><li>Ekonomiredovisning skickades till medlemmarna separat<\/li><\/ul>\n\n\n\n<p>Alla medlemmar fick material inf\u00f6r \u00e5rsm\u00f6tet sig tillskickat i god tid innan m\u00f6tet.<\/p>\n","protected":false},"excerpt":{"rendered":"<p>\u00c4EF \u00e5rsm\u00f6te 19 april 2022 \u00c5rsm\u00f6tet h\u00f6lls kl 19:00 i stora salen i f\u00f6rsamlingshemmet vid \u00c4lvsborgs kyrka, och ett fyrtiotal medlemmar trotsade det vackra v\u00e5rv\u00e4dret och infann sej. Raimo Lindstr\u00f6m lotsade vant \u00e5rsm\u00f6tet till ett lyckligt genomf\u00f6rande. Vi avtackade tv\u00e5 styrelsemedlemmar: PO Ryd\u00e9n och Bengt Eriksson, och v\u00e4lkomnade tv\u00e5 nya: Hannes Vedin och Agneta Andersson. [&hellip;]<\/p>\n","protected":false},"author":1,"featured_media":0,"parent":0,"menu_order":0,"comment_status":"closed","ping_status":"closed","template":"","meta":{"footnotes":""},"class_list":["post-4028","page","type-page","status-publish","hentry","post"],"_links":{"self":[{"href":"https:\/\/www.aef.nu\/index.php?rest_route=\/wp\/v2\/pages\/4028","targetHints":{"allow":["GET"]}}],"collection":[{"href":"https:\/\/www.aef.nu\/index.php?rest_route=\/wp\/v2\/pages"}],"about":[{"href":"https:\/\/www.aef.nu\/index.php?rest_route=\/wp\/v2\/types\/page"}],"author":[{"embeddable":true,"href":"https:\/\/www.aef.nu\/index.php?rest_route=\/wp\/v2\/users\/1"}],"replies":[{"embeddable":true,"href":"https:\/\/www.aef.nu\/index.php?rest_route=%2Fwp%2Fv2%2Fcomments&post=4028"}],"version-history":[{"count":10,"href":"https:\/\/www.aef.nu\/index.php?rest_route=\/wp\/v2\/pages\/4028\/revisions"}],"predecessor-version":[{"id":4235,"href":"https:\/\/www.aef.nu\/index.php?rest_route=\/wp\/v2\/pages\/4028\/revisions\/4235"}],"wp:attachment":[{"href":"https:\/\/www.aef.nu\/index.php?rest_route=%2Fwp%2Fv2%2Fmedia&parent=4028"}],"curies":[{"name":"wp","href":"https:\/\/api.w.org\/{rel}","templated":true}]}}