{"id":225,"date":"2019-02-07T22:50:52","date_gmt":"2019-02-07T21:50:52","guid":{"rendered":"http:\/\/www.aef.nu\/?page_id=225"},"modified":"2021-05-21T16:33:57","modified_gmt":"2021-05-21T14:33:57","slug":"aef-stadgar","status":"publish","type":"page","link":"https:\/\/www.aef.nu\/?page_id=225","title":{"rendered":"\u00c4EF Stadgar"},"content":{"rendered":"\n<h3 class=\"wp-block-heading\">STADGAR\nF\u00d6R \u00c4LVSBORGS EGNAHEMSF\u00d6RENING<\/h3>\n\n\n\n<p class=\"has-text-align-center\"><strong>Fastst\u00e4llda vid\nordinarie \u00e5rsm\u00f6ten 2009 och 2010.<\/strong><\/p>\n\n\n\n<p><strong>\u00a7 1 \u00c4ndam\u00e5l<\/strong><\/p>\n\n\n\n<p>\u00c4EF \u00e4r en ideell f\u00f6rening,\nsom har till \u00e4ndam\u00e5l att tillvarata medlemmarnas intresse av att samverka\ngentemot myndigheter och f\u00f6retag i fr\u00e5gor om stadsplanering, kommunal service,\nkulturutbud, kulturminnesv\u00e5rd m.m. som ber\u00f6r stadsdelen \u00c4lvsborg. Verksamheten\nskall fr\u00e4mja trivsel och god boendemilj\u00f6 i omr\u00e5det.&nbsp; F\u00f6reningen skall vara partipolitiskt och\nreligi\u00f6st obunden.<\/p>\n\n\n\n<p><strong>\u00a7 2 Medlemskap<\/strong><\/p>\n\n\n\n<p>Medlemskap avser kalender\u00e5r\noch medlemsavgiften erl\u00e4ggs i f\u00f6rskott.<\/p>\n\n\n\n<p>Inbetalningskort f\u00f6r\nn\u00e4stkommande \u00e5rsavgift utskickas till befintliga medlemmar i mitten av\nnovember. Avgiften skall vara betald senast 31\/12. Medlemskap upph\u00f6r\nautomatiskt om avgiften trots p\u00e5minnelse inte \u00e4r betald senast 1\/3 p\u00e5f\u00f6ljande\n\u00e5r.<\/p>\n\n\n\n<p>Nytt medlemskap s\u00f6kes genom\ninbetalning av fastst\u00e4lld \u00e5rsavgift. Beslut om beviljat medlemskap tages vid\nn\u00e4stkommande styrelsem\u00f6te varefter bekr\u00e4ftelse utskickas. Avgifter erlagda\nunder november-december anses g\u00e4lla f\u00f6r kommande kalender\u00e5r. R\u00f6str\u00e4tt vid\nf\u00f6reningsst\u00e4mma intr\u00e4der kalender\u00e5ret efter intr\u00e4des\u00e5ret.<\/p>\n\n\n\n<p>Om n\u00e5gon motarbetar\nf\u00f6reningens syften eller p\u00e5 annat s\u00e4tt skadar f\u00f6reningen, kan denne v\u00e4gras\nintr\u00e4de eller uteslutas efter beslut av styrelsen och godk\u00e4nnande med minst 2\/3\nmajoritet av p\u00e5f\u00f6ljande f\u00f6reningsst\u00e4mma. <\/p>\n\n\n\n<p><strong>\u00a7 3 Styrelse<\/strong><\/p>\n\n\n\n<p>F\u00f6reningens verksamhet handhas av styrelsen best\u00e5ende av ordf\u00f6rande j\u00e4mte 6-9 ledam\u00f6ter, vilka v\u00e4ljes av st\u00e4mman.\nOrdf\u00f6rande v\u00e4ljes f\u00f6r ett \u00e5r, medan ledam\u00f6terna v\u00e4ljes f\u00f6r tv\u00e5 \u00e5r, s\u00e5 f\u00f6rdelat\natt halva styrelsen nyv\u00e4ljes varje \u00e5r. D\u00e4rj\u00e4mte v\u00e4ljes tre suppleanter f\u00f6r en\ntid av ett \u00e5r.<\/p>\n\n\n\n<p>Styrelsen \u00e4r beslutsm\u00e4ssig om\nminst halva antalet ledam\u00f6ter \u00e4r n\u00e4rvarande. Vid lika r\u00f6stetal avg\u00f6r\nordf\u00f6randens r\u00f6st. Suppleanter har r\u00f6str\u00e4tt i den m\u00e5n de ers\u00e4tter ordinarie\nledamot.<\/p>\n\n\n\n<p>Styrelsen utser inom sig vice\nordf\u00f6rande, sekreterare och kass\u00f6r och eventuella \u00f6vriga funktion\u00e4rer.\nStyrelseledamot, suppleant och valberedning skall vara medlem i f\u00f6reningen.<\/p>\n\n\n\n<p>F\u00f6reningens firma tecknas av\nordf\u00f6randen, sekreteraren eller kass\u00f6ren var f\u00f6r sig. R\u00e4tt att utanordna\nf\u00f6reningen tillh\u00f6riga medel tillkommer kass\u00f6ren eller ordf\u00f6randen. Utgifter av\nl\u00f6pande karakt\u00e4r beslutas av kass\u00f6ren eller ordf\u00f6randen. Utanordnande av st\u00f6rre\nbelopp f\u00f6r ink\u00f6p etc. skall beslutas av styrelsen och protokollf\u00f6ras.<\/p>\n\n\n\n<p>Styrelsen skall f\u00f6ra\nprotokoll vid sina sammantr\u00e4den, f\u00f6ra noggranna r\u00e4kenskaper \u00f6ver f\u00f6reningens\nverksamhet, uppr\u00e4tta bokslut och ekonomisk redovisning som skall f\u00f6rel\u00e4ggas\nn\u00e4stkommande st\u00e4mma.&nbsp; Kallelse till\nstyrelsem\u00f6te skall uts\u00e4ndas senast 7 dagar f\u00f6re m\u00f6te.<\/p>\n\n\n\n<p><strong>\u00a7 4 St\u00e4mma och extra st\u00e4mma<\/strong><\/p>\n\n\n\n<p>Ordinarie st\u00e4mma skall h\u00e5llas under tiden mars-april och ledas av en f\u00f6r st\u00e4mman vald ordf\u00f6rande. Skriftlig kallelse skall vara uts\u00e4nd till samtliga medlemmar senast tre veckor f\u00f6re st\u00e4mman. Extra st\u00e4mma skall h\u00e5llas om minst 40 medlemmar s\u00e5 beg\u00e4r. S\u00e5dan beg\u00e4ran skall vara skriftlig och ange orsaken till st\u00e4mman. Beg\u00e4ran inl\u00e4mnas till f\u00f6reningens styrelse som har att inom 30 dagar, tiden 1\/7 \u2013 15\/8 or\u00e4knad,&nbsp;anordna extra st\u00e4mma f\u00f6r avsett \u00e4rende efter skriftlig kallelse till samtliga medlemmar med redog\u00f6relse f\u00f6r \u00e4rendet.<\/p>\n\n\n\n<p><strong>\u00a7 5 \u00c4renden vid \u00e5rsst\u00e4mman<\/strong><\/p>\n\n\n\n<p>P\u00e5 f\u00f6reningsst\u00e4mma skall\nf\u00f6rutom f\u00f6reningsinformation etc. f\u00f6rekomma f\u00f6ljande punkter.<\/p>\n\n\n\n<p>a.&nbsp;&nbsp;&nbsp;&nbsp;&nbsp;&nbsp;&nbsp;&nbsp;&nbsp;&nbsp;&nbsp;&nbsp;&nbsp;&nbsp;&nbsp;&nbsp;&nbsp;&nbsp;&nbsp;&nbsp;&nbsp;&nbsp;&nbsp;&nbsp;&nbsp; \u00d6ppnande av st\u00e4mman genom styrelsens ordf\u00f6rande <br>b.&nbsp;&nbsp;&nbsp;&nbsp;&nbsp;&nbsp;&nbsp;&nbsp;&nbsp;&nbsp;&nbsp;&nbsp;&nbsp;&nbsp;&nbsp;&nbsp;&nbsp;&nbsp;&nbsp;&nbsp;&nbsp;&nbsp;&nbsp;&nbsp;&nbsp; Val av ordf\u00f6rande f\u00f6r st\u00e4mman<br>c.&nbsp;&nbsp;&nbsp;&nbsp;&nbsp;&nbsp;&nbsp;&nbsp;&nbsp;&nbsp;&nbsp;&nbsp;&nbsp;&nbsp;&nbsp;&nbsp;&nbsp;&nbsp;&nbsp;&nbsp;&nbsp;&nbsp;&nbsp;&nbsp;&nbsp; Val av sekreterare f\u00f6r st\u00e4mman<br>d.&nbsp;&nbsp;&nbsp;&nbsp;&nbsp;&nbsp;&nbsp;&nbsp;&nbsp;&nbsp;&nbsp;&nbsp;&nbsp;&nbsp;&nbsp;&nbsp;&nbsp;&nbsp;&nbsp;&nbsp;&nbsp;&nbsp;&nbsp;&nbsp;&nbsp; Fastst\u00e4llande av dagordningen <br>e.&nbsp;&nbsp;&nbsp;&nbsp;&nbsp;&nbsp;&nbsp;&nbsp;&nbsp;&nbsp;&nbsp;&nbsp;&nbsp;&nbsp;&nbsp;&nbsp;&nbsp;&nbsp;&nbsp;&nbsp;&nbsp;&nbsp;&nbsp;&nbsp;&nbsp; Fr\u00e5ga om st\u00e4mman blivit stadgeenligt utlyst<br>f.&nbsp;&nbsp;&nbsp;&nbsp;&nbsp;&nbsp;&nbsp;&nbsp;&nbsp;&nbsp;&nbsp;&nbsp;&nbsp;&nbsp;&nbsp;&nbsp;&nbsp;&nbsp;&nbsp;&nbsp;&nbsp;&nbsp;&nbsp;&nbsp;&nbsp;  Val av tv\u00e5 justeringsm\u00e4n tillika r\u00f6str\u00e4knare  och uppr\u00e4ttande av r\u00f6stl\u00e4ngd<br> g.&nbsp;&nbsp;&nbsp;&nbsp;&nbsp;&nbsp;&nbsp;&nbsp;&nbsp;&nbsp;&nbsp;&nbsp;&nbsp;&nbsp;&nbsp;&nbsp;&nbsp;&nbsp;&nbsp;&nbsp;&nbsp;&nbsp;&nbsp;&nbsp;&nbsp;F\u00f6redragning av verksamhetsber\u00e4ttelse<br> h.&nbsp;&nbsp;&nbsp;&nbsp;&nbsp;&nbsp;&nbsp;&nbsp;&nbsp;&nbsp;&nbsp;&nbsp;&nbsp;&nbsp;&nbsp;&nbsp;&nbsp;&nbsp;&nbsp;&nbsp;&nbsp;&nbsp;&nbsp;&nbsp;&nbsp; F\u00f6redragning av resultat- och balansr\u00e4kning <br>i.&nbsp;&nbsp;&nbsp;&nbsp;&nbsp;&nbsp;&nbsp;&nbsp;&nbsp;&nbsp;&nbsp;&nbsp;&nbsp;&nbsp;&nbsp;&nbsp;&nbsp;&nbsp;&nbsp;&nbsp;&nbsp;&nbsp;&nbsp;&nbsp;&nbsp;&nbsp; F\u00f6redragning av revisionsber\u00e4ttelsen <br>j.&nbsp;&nbsp;&nbsp;&nbsp;&nbsp;&nbsp;&nbsp;&nbsp;&nbsp;&nbsp;&nbsp;&nbsp;&nbsp;&nbsp;&nbsp;&nbsp;&nbsp;&nbsp;&nbsp;&nbsp;&nbsp;&nbsp;&nbsp;&nbsp;&nbsp;&nbsp; Fr\u00e5gor som styrelsen h\u00e4nskjutit till st\u00e4mman <br>k.&nbsp;&nbsp;&nbsp;&nbsp;&nbsp;&nbsp;&nbsp;&nbsp;&nbsp;&nbsp;&nbsp;&nbsp;&nbsp;&nbsp;&nbsp;&nbsp;&nbsp;&nbsp;&nbsp;&nbsp;&nbsp;&nbsp;&nbsp;&nbsp;&nbsp; Motioner som stadgeenligt v\u00e4ckts av medlem <br>l.&nbsp;&nbsp;&nbsp;&nbsp;&nbsp;&nbsp;&nbsp;&nbsp;&nbsp;&nbsp;&nbsp;&nbsp;&nbsp;&nbsp;&nbsp;&nbsp;&nbsp;&nbsp;&nbsp;&nbsp;&nbsp;&nbsp;&nbsp;&nbsp;&nbsp;&nbsp; Fr\u00e5ga om ansvarsfrihet f\u00f6r styrelsen <br>m.&nbsp;&nbsp;&nbsp;&nbsp;&nbsp;&nbsp;&nbsp;&nbsp;&nbsp;&nbsp;&nbsp;&nbsp;&nbsp;&nbsp;&nbsp;&nbsp;&nbsp;&nbsp;&nbsp;&nbsp;&nbsp;&nbsp;&nbsp; Valberedningens f\u00f6redragning och f\u00f6rslag <br>n.&nbsp;&nbsp;&nbsp;&nbsp;&nbsp;&nbsp;&nbsp;&nbsp;&nbsp;&nbsp;&nbsp;&nbsp;&nbsp;&nbsp;&nbsp;&nbsp;&nbsp;&nbsp;&nbsp;&nbsp;&nbsp;&nbsp;&nbsp;&nbsp;&nbsp; Val av f\u00f6reningsordf\u00f6rande <br>o.&nbsp;&nbsp;&nbsp;&nbsp;&nbsp;&nbsp;&nbsp;&nbsp;&nbsp;&nbsp;&nbsp;&nbsp;&nbsp;&nbsp;&nbsp;&nbsp;&nbsp;&nbsp;&nbsp;&nbsp;&nbsp;&nbsp;&nbsp;&nbsp;&nbsp; Val av styrelseledam\u00f6ter <br>p.&nbsp;&nbsp;&nbsp;&nbsp;&nbsp;&nbsp;&nbsp;&nbsp;&nbsp;&nbsp;&nbsp;&nbsp;&nbsp;&nbsp;&nbsp;&nbsp;&nbsp;&nbsp;&nbsp;&nbsp;&nbsp;&nbsp;&nbsp;&nbsp;&nbsp; Val av styrelsesuppleanter  <br>q.&nbsp;&nbsp;&nbsp;&nbsp;&nbsp;&nbsp;&nbsp;&nbsp;&nbsp;&nbsp;&nbsp;&nbsp;&nbsp;&nbsp;&nbsp;&nbsp;&nbsp;&nbsp;&nbsp;&nbsp;&nbsp;&nbsp;&nbsp;&nbsp;&nbsp; Val av revisor <br>r.&nbsp;&nbsp;&nbsp;&nbsp;&nbsp;&nbsp;&nbsp;&nbsp;&nbsp;&nbsp;&nbsp;&nbsp;&nbsp;&nbsp;&nbsp;&nbsp;&nbsp;&nbsp;&nbsp;&nbsp;&nbsp;&nbsp;&nbsp;&nbsp;&nbsp;&nbsp; Val av revisorssuppleant <br>s.&nbsp;&nbsp;&nbsp;&nbsp;&nbsp;&nbsp;&nbsp;&nbsp;&nbsp;&nbsp;&nbsp;&nbsp;&nbsp;&nbsp;&nbsp;&nbsp;&nbsp;&nbsp;&nbsp;&nbsp;&nbsp;&nbsp;&nbsp;&nbsp;&nbsp; Val av tv\u00e5 personer till valberedning <br>t.&nbsp;&nbsp;&nbsp;&nbsp;&nbsp;&nbsp;&nbsp;&nbsp;&nbsp;&nbsp;&nbsp;&nbsp;&nbsp;&nbsp;&nbsp;&nbsp;&nbsp;&nbsp;&nbsp;&nbsp;&nbsp;&nbsp;&nbsp;&nbsp;&nbsp;&nbsp; Fastst\u00e4llelse av \u00e5rsavgift f\u00f6r n\u00e4stkommande \u00e5r <br>u.&nbsp;&nbsp;&nbsp;&nbsp;&nbsp;&nbsp;&nbsp;&nbsp;&nbsp;&nbsp;&nbsp;&nbsp;&nbsp;&nbsp;&nbsp;&nbsp;&nbsp;&nbsp;&nbsp;&nbsp;&nbsp;&nbsp;&nbsp;&nbsp;&nbsp; \u00d6vriga fr\u00e5gor     <\/p>\n\n\n\n<p>Varje medlem har en r\u00f6st och\nval sker med enkel majoritet, utom i fr\u00e5ga om f\u00f6reningens uppl\u00f6sning eller\nstadge\u00e4ndring. D\u00e4rvid skall likalydande beslut antas av tv\u00e5 p\u00e5 varandra\nf\u00f6ljande st\u00e4mmor, varav minst en ordinarie, och p\u00e5 b\u00e5da st\u00e4mmorna med minst 2\/3\nmajoritet. Om n\u00e5gon s\u00e5 beg\u00e4r skall r\u00f6stning ske med slutna valsedlar.&nbsp; Varje medlem har en r\u00f6st. Fullmaktsr\u00f6stning\n\u00e4r till\u00e5ten, dock f\u00e5r ingen f\u00f6retr\u00e4da mer \u00e4n tv\u00e5 r\u00f6ster. <\/p>\n\n\n\n<p>Vid extra st\u00e4mma f\u00e5r, f\u00f6rutom\npunkterna a &#8211; f ovan, endast behandlas den eller de fr\u00e5gor, som upptagits i\nkallelsen.<\/p>\n\n\n\n<p>Vid fr\u00e5ga om f\u00f6reningens\nuppl\u00f6sning skall styrelsen f\u00f6resl\u00e5 st\u00e4mman, som har att besluta, hur\nf\u00f6reningens tillg\u00e5ngar skall disponeras.<\/p>\n\n\n\n<p><strong>\u00a7 6 Motion till st\u00e4mman<\/strong><\/p>\n\n\n\n<p>Medlem som \u00f6nskar framl\u00e4gga\nen motion till st\u00e4mman skall ins\u00e4nda fr\u00e5gan till styrelsen f\u00f6r beredning senast\n7 dagar f\u00f6re st\u00e4mman.&nbsp; <\/p>\n\n\n\n<p><strong>\u00a7 7 F\u00f6reningens r\u00e4kenskaper<\/strong><\/p>\n\n\n\n<p>F\u00f6reningens r\u00e4kenskaper\nredovisas per kalender\u00e5r och skall av styrelsen h\u00e5llas tillg\u00e4ngliga f\u00f6r\ngranskning minst tre veckor f\u00f6re \u00e5rsm\u00f6tet. F\u00f6rutbetalda medlemsavgifter p\u00e5f\u00f6res\ndet \u00e5r avgifter avser. Revisorn granskar r\u00e4kenskaperna och skall \u00e5terst\u00e4lla\nmaterialet till styrelsen senast tv\u00e5 veckor f\u00f6re st\u00e4mman tillsammans med\nrevisionsber\u00e4ttelsen.<\/p>\n\n\n\n<p><strong><em>\u00c4LVSBORGS\nEGNAHEMSF\u00d6RENING<\/em><\/strong><\/p>\n","protected":false},"excerpt":{"rendered":"<p>STADGAR F\u00d6R \u00c4LVSBORGS EGNAHEMSF\u00d6RENING Fastst\u00e4llda vid ordinarie \u00e5rsm\u00f6ten 2009 och 2010. \u00a7 1 \u00c4ndam\u00e5l \u00c4EF \u00e4r en ideell f\u00f6rening, som har till \u00e4ndam\u00e5l att tillvarata medlemmarnas intresse av att samverka gentemot myndigheter och f\u00f6retag i fr\u00e5gor om stadsplanering, kommunal service, kulturutbud, kulturminnesv\u00e5rd m.m. som ber\u00f6r stadsdelen \u00c4lvsborg. Verksamheten skall fr\u00e4mja trivsel och god boendemilj\u00f6 i [&hellip;]<\/p>\n","protected":false},"author":1,"featured_media":0,"parent":0,"menu_order":0,"comment_status":"closed","ping_status":"closed","template":"","meta":{"footnotes":""},"class_list":["post-225","page","type-page","status-publish","hentry","post"],"_links":{"self":[{"href":"https:\/\/www.aef.nu\/index.php?rest_route=\/wp\/v2\/pages\/225","targetHints":{"allow":["GET"]}}],"collection":[{"href":"https:\/\/www.aef.nu\/index.php?rest_route=\/wp\/v2\/pages"}],"about":[{"href":"https:\/\/www.aef.nu\/index.php?rest_route=\/wp\/v2\/types\/page"}],"author":[{"embeddable":true,"href":"https:\/\/www.aef.nu\/index.php?rest_route=\/wp\/v2\/users\/1"}],"replies":[{"embeddable":true,"href":"https:\/\/www.aef.nu\/index.php?rest_route=%2Fwp%2Fv2%2Fcomments&post=225"}],"version-history":[{"count":3,"href":"https:\/\/www.aef.nu\/index.php?rest_route=\/wp\/v2\/pages\/225\/revisions"}],"predecessor-version":[{"id":2792,"href":"https:\/\/www.aef.nu\/index.php?rest_route=\/wp\/v2\/pages\/225\/revisions\/2792"}],"wp:attachment":[{"href":"https:\/\/www.aef.nu\/index.php?rest_route=%2Fwp%2Fv2%2Fmedia&parent=225"}],"curies":[{"name":"wp","href":"https:\/\/api.w.org\/{rel}","templated":true}]}}