{"id":222,"date":"2019-02-07T22:48:45","date_gmt":"2019-02-07T21:48:45","guid":{"rendered":"http:\/\/www.aef.nu\/?page_id=222"},"modified":"2019-09-01T17:34:03","modified_gmt":"2019-09-01T15:34:03","slug":"om-aef","status":"publish","type":"page","link":"https:\/\/www.aef.nu\/?page_id=222","title":{"rendered":"Om \u00c4EF"},"content":{"rendered":"\n<p>\n\n \u00c4lvsborgs egnahemsf\u00f6rening (\u00c4EF) \u00e4r en politisk obunden f\u00f6rening som v\u00e4rnar om en h\u00e5llbar framtida utveckling av stadsdelen. Du \u00e4r v\u00e4lkommen att bli medlem i \u00c4EF om du ocks\u00e5 tycker att denna utveckling ska st\u00f6djas. Medlemmar i \u00c4EF kan medverka p\u00e5 \u00e5rsm\u00f6tet p\u00e5 v\u00e5ren och andra aktiviteter vi arrangerar: m\u00f6ten, debatter, vandringar. \u00c4EF drivs ideellt men vi m\u00e5ste ta ut en \u00e5rsavgift f\u00f6r att kunna bevaka stadsdelens utveckling och kunna g\u00f6ra utskick till medlemmarna. \n\n<\/p>\n\n\n\n<p><a href=\"http:\/\/www.aef.nu\/?page_id=227\">\u00c4EF Styrelse<\/a><\/p>\n\n\n\n<p><a href=\"http:\/\/www.aef.nu\/?page_id=225\">\u00c4EF Stadgar<\/a><\/p>\n","protected":false},"excerpt":{"rendered":"<p>\u00c4lvsborgs egnahemsf\u00f6rening (\u00c4EF) \u00e4r en politisk obunden f\u00f6rening som v\u00e4rnar om en h\u00e5llbar framtida utveckling av stadsdelen. Du \u00e4r v\u00e4lkommen att bli medlem i \u00c4EF om du ocks\u00e5 tycker att denna utveckling ska st\u00f6djas. Medlemmar i \u00c4EF kan medverka p\u00e5 \u00e5rsm\u00f6tet p\u00e5 v\u00e5ren och andra aktiviteter vi arrangerar: m\u00f6ten, debatter, vandringar. \u00c4EF drivs ideellt men [&hellip;]<\/p>\n","protected":false},"author":1,"featured_media":0,"parent":0,"menu_order":0,"comment_status":"closed","ping_status":"closed","template":"","meta":{"footnotes":""},"class_list":["post-222","page","type-page","status-publish","hentry","post"],"_links":{"self":[{"href":"https:\/\/www.aef.nu\/index.php?rest_route=\/wp\/v2\/pages\/222","targetHints":{"allow":["GET"]}}],"collection":[{"href":"https:\/\/www.aef.nu\/index.php?rest_route=\/wp\/v2\/pages"}],"about":[{"href":"https:\/\/www.aef.nu\/index.php?rest_route=\/wp\/v2\/types\/page"}],"author":[{"embeddable":true,"href":"https:\/\/www.aef.nu\/index.php?rest_route=\/wp\/v2\/users\/1"}],"replies":[{"embeddable":true,"href":"https:\/\/www.aef.nu\/index.php?rest_route=%2Fwp%2Fv2%2Fcomments&post=222"}],"version-history":[{"count":3,"href":"https:\/\/www.aef.nu\/index.php?rest_route=\/wp\/v2\/pages\/222\/revisions"}],"predecessor-version":[{"id":474,"href":"https:\/\/www.aef.nu\/index.php?rest_route=\/wp\/v2\/pages\/222\/revisions\/474"}],"wp:attachment":[{"href":"https:\/\/www.aef.nu\/index.php?rest_route=%2Fwp%2Fv2%2Fmedia&parent=222"}],"curies":[{"name":"wp","href":"https:\/\/api.w.org\/{rel}","templated":true}]}}