{"id":200,"date":"2019-02-07T22:29:40","date_gmt":"2019-02-07T21:29:40","guid":{"rendered":"http:\/\/www.aef.nu\/?page_id=200"},"modified":"2025-02-08T11:49:21","modified_gmt":"2025-02-08T10:49:21","slug":"energihamnen","status":"publish","type":"page","link":"https:\/\/www.aef.nu\/?page_id=200","title":{"rendered":"Energihamnen"},"content":{"rendered":"\n<h2 class=\"wp-block-heading\"><strong>\u00c4EFs ins\u00e4ndare i GP 12\/11 2024 om Kustkajen<\/strong><\/h2>\n\n\n\n<p>I dagens GP (12\/11-2024) finns v\u00e5r ins\u00e4ndare om att G\u00f6teborgs Hamn och G\u00f6teborgs kommun kan anv\u00e4nda Kustkajens ombyggnad f\u00f6r att tydligt visa p\u00e5 en avveckling av hanteringen av fossila br\u00e4nslen, f\u00f6r en h\u00e5llbar framtid i enlighet med kommunens och landets klimatm\u00e5l.<\/p>\n\n\n\n<p>S\u00e5 h\u00e4r skriver vi i ins\u00e4ndaren:<\/p>\n\n\n\n<p><strong>Stoppa utbyggnaden av Kustkajen \u2013 en risk f\u00f6r v\u00e5r stad och milj\u00f6<\/strong><\/p>\n\n\n\n<p>G\u00f6teborgs Hamn planerar en omfattande ombyggnad av Kustkajen, vilket inneb\u00e4r b\u00e5de rivning av den gamla kajen, byggandet av en ny och en muddring till 10 meters djup. Syftet \u00e4r enligt hamnen att f\u00f6rbereda f\u00f6r nuvarande och framtida energiprodukter. Samtidigt finns det inga garantier i underlaget om att projektet inte inneb\u00e4r en fortsatt hantering eller ut\u00f6kning av fossila br\u00e4nslen, n\u00e5got som direkt g\u00e5r emot G\u00f6teborgs och Sveriges m\u00e5l om minskade utsl\u00e4pp av koldioxid till \u00e5r 2030.<\/p>\n\n\n\n<p>\u00c4lvsborgs Egnahemsf\u00f6rening anser att projektet borde ompr\u00f6vas. F\u00f6rutom milj\u00f6risken att \u00f6ka hamnens kapacitet f\u00f6r fossila br\u00e4nslen, \u00f6kar ocks\u00e5 riskerna f\u00f6r olyckor i ett t\u00e4tbefolkat omr\u00e5de. Att ha stora m\u00e4ngder fossila br\u00e4nslen n\u00e4ra G\u00f6teborgs k\u00e4rna och dess milit\u00e4ra anl\u00e4ggningar utg\u00f6r dessutom en risk i tider med \u00f6kade krav p\u00e5 beredskap och s\u00e4kerhet. En decentralisering av dessa anl\u00e4ggningar skulle vara en mer h\u00e5llbar och s\u00e4ker l\u00f6sning.<\/p>\n\n\n\n<p>F\u00f6rutom riskerna f\u00f6r m\u00e4nniskor riskerar ombyggnaden ocks\u00e5 att skada ekosystemet. Muddringen inneb\u00e4r att f\u00f6rorenat sediment sl\u00e4pps ut i Kattegatt, vilket kan skada marina arter, fiskbest\u00e5nd och vattenkvaliteten. Att dumpa f\u00f6rorenat slam i havet \u00e4r inte acceptabelt i en tid n\u00e4r vi str\u00e4var efter att f\u00f6rb\u00e4ttra vattenmilj\u00f6n och bevara v\u00e5ra marina resurser.<\/p>\n\n\n\n<p>Vi i \u00c4lvsborgs Egnahemsf\u00f6rening vill att G\u00f6teborgs Hamn anv\u00e4nder detta tillf\u00e4lle f\u00f6r att p\u00e5 sikt avveckla hanteringen av fossila br\u00e4nslen och anpassa sig till en h\u00e5llbar framtid. Stadens och landets klimatm\u00e5l kr\u00e4ver det, och f\u00f6r G\u00f6teborgs s\u00e4kerhet och milj\u00f6 borde vi inte acceptera n\u00e5got mindre.<\/p>\n\n\n\n<p><em>\u00c4lvsborgs Egnahemsf\u00f6rening<\/em><\/p>\n\n\n\n<h2 class=\"wp-block-heading\">Skarvikshamnen, Kustkajen, Kaj 512-518<\/h2>\n\n\n\n<p>\u00c4EF fick inbjudan till samr\u00e5d ang\u00e5ende reparation av &#8221;Kustkajen&#8221; den 9 september 2024. Samr\u00e5dsunderlaget finner du <a href=\"https:\/\/www.aef.nu\/wp-content\/uploads\/2024\/10\/Samradsunderlag_Kustkajen-2024-09-09-1.pdf\">h\u00e4r<\/a>. Vi samlade oss till ett yttrande som vi skickade in i tid innan samr\u00e5det var slut 10 oktober, se nedan.<\/p>\n\n\n\n<h2 class=\"wp-block-heading\">Ang\u00e5ende ombyggnation av Kustkajen<br>Diarienummer GHAB2024-0183<\/h2>\n\n\n\n<p>\u00c4lvsborgs Egnahemsf\u00f6rening (\u00c4EF) har erh\u00e5llit samr\u00e5dsunderlag f\u00f6r \u201dOmbyggnation av Kustkajen\u201d av G\u00f6teborgs Hamn AB (GHAB). Ombyggnaden \u00e4r omfattande och f\u00f6rutom att riva en gammal kaj och bygga en ny skall muddring ske till ett djup av 10 meter. Muddringen skall g\u00f6ras eftersom \u201d<em>GHAB (har) identifierat ett behov av att f\u00f6rdjupa delar av hamnbass\u00e4ngen f\u00f6r att s\u00e4kra hamnen f\u00f6r framtida verksamhet<\/em>\u201d. \u00c4EF st\u00e4ller sig positiva till att kustkajen renoveras f\u00f6r att f\u00f6rhindra framtida olyckor. \u00c4EF ser dock en fara att det i praktiken inneb\u00e4r att man vill ut\u00f6ka kapaciteten f\u00f6r att hantera fossila br\u00e4nslen i hamnen i framtiden. I samr\u00e5dshandlingarna skrivs det som att ombyggnaden \u00e4r n\u00f6dv\u00e4ndig f\u00f6r att hantera nuvarande och framtida energiprodukter.<\/p>\n\n\n\n<p>I dagens l\u00e4ge, och med den politiska kursen i hela samh\u00e4llet inst\u00e4lld p\u00e5 att uppn\u00e5 nollutsl\u00e4pp av koldioxid inom n\u00e5gra f\u00e5 decennier, beh\u00f6ver GHAB anpassa sin verksamhet vid Kustkajen f\u00f6r en minskning av fossilbr\u00e4nslehanteringen i takt med att mindre fossilenergi anv\u00e4nds i samh\u00e4llet.<\/p>\n\n\n\n<p>Klimatomsorg \u00e4r ett viktigt sk\u00e4l till att avstyrka projektet om det syftar till en \u00f6kning av hanteringen av fossila br\u00e4nslen.<\/p>\n\n\n\n<h2 class=\"wp-block-heading\">Risker f\u00f6r ekosystem och n\u00e4rboende<\/h2>\n\n\n\n<p>Samr\u00e5dshandlingarna tar upp risker f\u00f6r ekosystem och n\u00e4rboende i samband med ombyggnaden av Kustkajen. I planer f\u00f6r \u00e4lvsomr\u00e5dena finns krav p\u00e5 b\u00e4ttre vattenkvalitet och mer h\u00e5llbara ekosystem inom n\u00e5gra \u00e5r. F\u00f6rsta m\u00e5ldatum \u00e4r redan 2027. Detta m\u00e5ste beaktas vid ombyggnaden av Kustkajen. \u00c4EF representerar flera boende i stadsdelen \u00c4lvsborg p\u00e5 s\u00f6dra sidan av \u00e4lven. Boende som riskerar att drabbas av problem i samband med ombyggnaden. Inom 2 km radie fr\u00e5n oljehamnen finns ett stort antal bost\u00e4der med \u00e4nnu fler boende. Dessa kommer att vara i riskzonen vid en of\u00f6rsiktig ombyggnad.<\/p>\n\n\n\n<h2 class=\"wp-block-heading\">Ryahamnen &#8211; Kaj 568<\/h2>\n\n\n\n<p>Den 10 oktober 2019 tog regeringen beslut att energihamnen inte f\u00e5r kopplas till naturgasn\u00e4tet. Vi f\u00e5r v\u00e4l se om det betyder att man \u00e5ngrar sig och inte bygger n\u00e5gon naturgashamn.<\/p>\n\n\n\n<p>Vid styrelsem\u00f6te 23 April 2019 fann vi inget nytt att rapportera. Den som undrar \u00f6ver d\u00e5lig lukt, r\u00f6k, oljud med mera fr\u00e5n omr\u00e5det kan ringa till journumret; 031-368 75 25.<\/p>\n\n\n\n<p><\/p>\n\n\n\n<p>\u00c5ter till <a href=\"http:\/\/www.aef.nu\/?page_id=181\">Projektsidan<\/a>.<\/p>\n\n\n\n<p><\/p>\n","protected":false},"excerpt":{"rendered":"<p>\u00c4EFs ins\u00e4ndare i GP 12\/11 2024 om Kustkajen I dagens GP (12\/11-2024) finns v\u00e5r ins\u00e4ndare om att G\u00f6teborgs Hamn och G\u00f6teborgs kommun kan anv\u00e4nda Kustkajens ombyggnad f\u00f6r att tydligt visa p\u00e5 en avveckling av hanteringen av fossila br\u00e4nslen, f\u00f6r en h\u00e5llbar framtid i enlighet med kommunens och landets klimatm\u00e5l. S\u00e5 h\u00e4r skriver vi i ins\u00e4ndaren: [&hellip;]<\/p>\n","protected":false},"author":1,"featured_media":0,"parent":0,"menu_order":0,"comment_status":"closed","ping_status":"closed","template":"","meta":{"footnotes":""},"class_list":["post-200","page","type-page","status-publish","hentry","post"],"_links":{"self":[{"href":"https:\/\/www.aef.nu\/index.php?rest_route=\/wp\/v2\/pages\/200","targetHints":{"allow":["GET"]}}],"collection":[{"href":"https:\/\/www.aef.nu\/index.php?rest_route=\/wp\/v2\/pages"}],"about":[{"href":"https:\/\/www.aef.nu\/index.php?rest_route=\/wp\/v2\/types\/page"}],"author":[{"embeddable":true,"href":"https:\/\/www.aef.nu\/index.php?rest_route=\/wp\/v2\/users\/1"}],"replies":[{"embeddable":true,"href":"https:\/\/www.aef.nu\/index.php?rest_route=%2Fwp%2Fv2%2Fcomments&post=200"}],"version-history":[{"count":11,"href":"https:\/\/www.aef.nu\/index.php?rest_route=\/wp\/v2\/pages\/200\/revisions"}],"predecessor-version":[{"id":6048,"href":"https:\/\/www.aef.nu\/index.php?rest_route=\/wp\/v2\/pages\/200\/revisions\/6048"}],"wp:attachment":[{"href":"https:\/\/www.aef.nu\/index.php?rest_route=%2Fwp%2Fv2%2Fmedia&parent=200"}],"curies":[{"name":"wp","href":"https:\/\/api.w.org\/{rel}","templated":true}]}}