{"id":196,"date":"2019-02-07T22:32:53","date_gmt":"2019-02-07T21:32:53","guid":{"rendered":"http:\/\/www.aef.nu\/?page_id=196"},"modified":"2025-03-19T14:05:18","modified_gmt":"2025-03-19T13:05:18","slug":"tanguddens-hamn","status":"publish","type":"page","link":"https:\/\/www.aef.nu\/?page_id=196","title":{"rendered":"T\u00e5nguddens hamn"},"content":{"rendered":"\n<h2 class=\"wp-block-heading\">Mars 2025: B\u00e5tuppl\u00e4ggningen l\u00e4ggs ner vid ny\u00e5r<\/h2>\n\n\n\n<p>F\u00f6rsvarsmakten beh\u00f6ver expandera sina anl\u00e4ggningar vid K\u00e4ringberget. Enda riktningen som de finner rimlig \u00e4r \u00f6sterut, vilket betyder att marken f\u00f6r T\u00e5nguddens B\u00e5tuppl\u00e4gning m\u00e5ste tas i anspr\u00e5k. Enligt v\u00e4lunderr\u00e4ttade k\u00e4llor kom detta som en blixt fr\u00e5n klar himmel, och har sin grund i F\u00f6rsvarsmaktens hot om expropriation. \u00c4garna beslutade d\u00e5 att f\u00f6rhandla om rimlig ers\u00e4ttning och s\u00e5lde efter ett tag f\u00f6r ca 80 miljoner. B\u00e5tuppl\u00e4ggningen \u00e4r (var) inte \u00e4gare, utan den arrenderade marken. <\/p>\n\n\n\n<p>Tr\u00e5kigt f\u00f6r oss som hade b\u00e5ten d\u00e4r p\u00e5 vintrarna. Hjalmar Johansson fr\u00e5n Kungsviken, sedermera L\u00e5ngedrag skapade b\u00e5tuppl\u00e4ggningen ungef\u00e4r 1950, allts\u00e5 f\u00f6r 75 \u00e5r sedan. Det var l\u00e5ngt efter att han byggde Flory (1923) som ligger upplagd d\u00e4r.<\/p>\n\n\n\n<p>Och man undrar vad F\u00f6rsvarsmakten t\u00e4nker ta sig till med den f\u00f6rorenade marken?<\/p>\n\n\n\n<figure class=\"wp-block-image size-large\"><img loading=\"lazy\" decoding=\"async\" width=\"1024\" height=\"768\" src=\"https:\/\/www.aef.nu\/wp-content\/uploads\/2025\/03\/20240413_122947-1024x768.jpg\" alt=\"\" class=\"wp-image-6162\" srcset=\"https:\/\/www.aef.nu\/wp-content\/uploads\/2025\/03\/20240413_122947-1024x768.jpg 1024w, https:\/\/www.aef.nu\/wp-content\/uploads\/2025\/03\/20240413_122947-300x225.jpg 300w, https:\/\/www.aef.nu\/wp-content\/uploads\/2025\/03\/20240413_122947-768x576.jpg 768w, https:\/\/www.aef.nu\/wp-content\/uploads\/2025\/03\/20240413_122947-1536x1152.jpg 1536w, https:\/\/www.aef.nu\/wp-content\/uploads\/2025\/03\/20240413_122947-2048x1536.jpg 2048w\" sizes=\"auto, (max-width: 1024px) 100vw, 1024px\" \/><\/figure>\n\n\n\n<h2 class=\"wp-block-heading\">Februari 2023: Nytt bygglov s\u00f6ks f\u00f6r baracker<\/h2>\n\n\n\n<p>Bygglov f\u00f6r &#8221;tillf\u00e4lliga kontorsbyggnader&#8221; s\u00f6ktes av Fortifikationsverket p\u00e5 marken till G\u00f6teborgs Garnison (f.d. KA4). Tillst\u00e5nd erh\u00f6lls under 2020, men nu s\u00f6ker man nytt bygglov efter byte av entrepren\u00f6r. Det verkar dock r\u00f6ra sig om barackliknande logement, snarare \u00e4n kontorsbyggnader, f\u00f6r vilket kontor har 14 sovrum? Barackerna skall ligga l\u00e4ngst ner p\u00e5 garnisonens omr\u00e5de mot T\u00e5nguddens b\u00e5tuppl\u00e4ggningsplats. Det \u00e4r fr\u00e5ga om baracker (55*25 meter)i en v\u00e5ning som ni kan se nedan.<\/p>\n\n\n\n<p>Ev. synpunkter skall vara inne hos Stadsbyggnadsn\u00e4mnden senast f\u00f6rste mars 2023.<\/p>\n\n\n\n<figure class=\"wp-block-image size-full\"><img loading=\"lazy\" decoding=\"async\" width=\"911\" height=\"677\" src=\"https:\/\/www.aef.nu\/wp-content\/uploads\/2023\/02\/Fasader.jpg\" alt=\"\" class=\"wp-image-4961\" srcset=\"https:\/\/www.aef.nu\/wp-content\/uploads\/2023\/02\/Fasader.jpg 911w, https:\/\/www.aef.nu\/wp-content\/uploads\/2023\/02\/Fasader-300x223.jpg 300w, https:\/\/www.aef.nu\/wp-content\/uploads\/2023\/02\/Fasader-768x571.jpg 768w\" sizes=\"auto, (max-width: 911px) 100vw, 911px\" \/><figcaption class=\"wp-element-caption\">Fasader<\/figcaption><\/figure>\n\n\n\n<figure class=\"wp-block-image size-large\"><img loading=\"lazy\" decoding=\"async\" width=\"1024\" height=\"529\" src=\"https:\/\/www.aef.nu\/wp-content\/uploads\/2023\/02\/Planritning-1024x529.jpg\" alt=\"\" class=\"wp-image-4964\" srcset=\"https:\/\/www.aef.nu\/wp-content\/uploads\/2023\/02\/Planritning-1024x529.jpg 1024w, https:\/\/www.aef.nu\/wp-content\/uploads\/2023\/02\/Planritning-300x155.jpg 300w, https:\/\/www.aef.nu\/wp-content\/uploads\/2023\/02\/Planritning-768x397.jpg 768w, https:\/\/www.aef.nu\/wp-content\/uploads\/2023\/02\/Planritning.jpg 1481w\" sizes=\"auto, (max-width: 1024px) 100vw, 1024px\" \/><figcaption class=\"wp-element-caption\">Planritning<\/figcaption><\/figure>\n\n\n\n<h2 class=\"wp-block-heading\">2021<\/h2>\n\n\n\n<p>Vi har f\u00f6rs\u00f6kt att h\u00e5lla koll p\u00e5 vad som h\u00e4nder, men det har varit magert. Det finns en fastst\u00e4lld detaljplan, och uppgifter att man har s\u00f6kt ett tillf\u00e4lligt (5 \u00e5r) bygglov f\u00f6r byggnader inom omr\u00e5det. Men vi har f\u00f6r n\u00e4rvarande (v\u00e5ren 2021) inga detaljer.<\/p>\n\n\n\n<div class=\"wp-block-file\"><a id=\"wp-block-file--media-ef1e6b14-b414-4c8e-9c27-7fa2a4ce2107\" href=\"http:\/\/www.aef.nu\/wp-content\/uploads\/2021\/04\/Detaljplan-for-Tangudden-1480K-II-5155.pdf\">Detaljplan f\u00f6r T\u00e5ngudden 1480K-II-5155<\/a><a href=\"http:\/\/www.aef.nu\/wp-content\/uploads\/2021\/04\/Detaljplan-for-Tangudden-1480K-II-5155.pdf\" class=\"wp-block-file__button wp-element-button\" download aria-describedby=\"wp-block-file--media-ef1e6b14-b414-4c8e-9c27-7fa2a4ce2107\">Ladda ner<\/a><\/div>\n\n\n\n<p>\u00c5ter till <a href=\"http:\/\/www.aef.nu\/?page_id=181\">Projektsidan<\/a>.<\/p>\n","protected":false},"excerpt":{"rendered":"<p>Mars 2025: B\u00e5tuppl\u00e4ggningen l\u00e4ggs ner vid ny\u00e5r F\u00f6rsvarsmakten beh\u00f6ver expandera sina anl\u00e4ggningar vid K\u00e4ringberget. Enda riktningen som de finner rimlig \u00e4r \u00f6sterut, vilket betyder att marken f\u00f6r T\u00e5nguddens B\u00e5tuppl\u00e4gning m\u00e5ste tas i anspr\u00e5k. Enligt v\u00e4lunderr\u00e4ttade k\u00e4llor kom detta som en blixt fr\u00e5n klar himmel, och har sin grund i F\u00f6rsvarsmaktens hot om expropriation. \u00c4garna beslutade [&hellip;]<\/p>\n","protected":false},"author":1,"featured_media":0,"parent":0,"menu_order":0,"comment_status":"closed","ping_status":"closed","template":"","meta":{"footnotes":""},"class_list":["post-196","page","type-page","status-publish","hentry","post"],"_links":{"self":[{"href":"https:\/\/www.aef.nu\/index.php?rest_route=\/wp\/v2\/pages\/196","targetHints":{"allow":["GET"]}}],"collection":[{"href":"https:\/\/www.aef.nu\/index.php?rest_route=\/wp\/v2\/pages"}],"about":[{"href":"https:\/\/www.aef.nu\/index.php?rest_route=\/wp\/v2\/types\/page"}],"author":[{"embeddable":true,"href":"https:\/\/www.aef.nu\/index.php?rest_route=\/wp\/v2\/users\/1"}],"replies":[{"embeddable":true,"href":"https:\/\/www.aef.nu\/index.php?rest_route=%2Fwp%2Fv2%2Fcomments&post=196"}],"version-history":[{"count":11,"href":"https:\/\/www.aef.nu\/index.php?rest_route=\/wp\/v2\/pages\/196\/revisions"}],"predecessor-version":[{"id":6189,"href":"https:\/\/www.aef.nu\/index.php?rest_route=\/wp\/v2\/pages\/196\/revisions\/6189"}],"wp:attachment":[{"href":"https:\/\/www.aef.nu\/index.php?rest_route=%2Fwp%2Fv2%2Fmedia&parent=196"}],"curies":[{"name":"wp","href":"https:\/\/api.w.org\/{rel}","templated":true}]}}