{"id":192,"date":"2019-02-07T22:31:16","date_gmt":"2019-02-07T21:31:16","guid":{"rendered":"http:\/\/www.aef.nu\/?page_id=192"},"modified":"2024-09-09T17:41:59","modified_gmt":"2024-09-09T15:41:59","slug":"ny-forskola-vid-hagen","status":"publish","type":"page","link":"https:\/\/www.aef.nu\/?page_id=192","title":{"rendered":"F\u00f6rnyelse av skolan i Hagen"},"content":{"rendered":"<\/p>\n<p><!--StartFragment--><\/p>\n\n\n<p>I somras kunde vi se att f\u00f6rskolan n\u00e4rmast Hagens sp\u00e5rvagnsh\u00e5llplats revs. Det verkar vara f\u00f6rsta steget i en renovering av hela Hagens-kolan-omr\u00e5det. Vi f\u00f6ljer \u00e4rendet.<\/p>\n\n\n\n<p>Se bilagan i inl\u00e4gget <a href=\"https:\/\/www.aef.nu\/?p=5858\">https:\/\/www.aef.nu\/?p=5858<\/a><\/p>\n\n\n\n<hr class=\"wp-block-separator has-alpha-channel-opacity\"\/>\n\n\n\n<p>Inbjudan till samr\u00e5d om f\u00f6rskolan vid Hagens Pr\u00e4stv\u00e4g<\/p>\n\n\n\n<p>\u00c4EF har f\u00e5tt en inbjudan till samr\u00e5d, men vid styrelsem\u00f6tet best\u00e4mde vi att vi inte har n\u00e5gra s\u00e4rskilda synpunkter att anl\u00e4gga p\u00e5 denna plan. Men kanske n\u00e5gon av medlemmarna har \u00e5sikter? <\/p>\n\n\n\n<p>Inbjudan kan laddas ner nedan..<\/p>\n\n\n\n<p>P\u00e5 andra sidan st\u00e5r att information om f\u00f6rslaget kan l\u00e4mnas av Johan Henrikson 031-368 17 28 och Sirpa Ruuskanen 031-368 1787, och att synpunkter m\u00e5ste framf\u00f6ras skriftligt.<\/p>\n\n\n\n<div class=\"wp-block-file\"><a href=\"http:\/\/www.aef.nu\/wp-content\/uploads\/2019\/05\/Samr\u00e5dsinbjudan-F\u00f6rskola-Hagen-1.jpeg\">Samr\u00e5dsinbjudan-F\u00f6rskola-Hagen-1<\/a><a href=\"http:\/\/www.aef.nu\/wp-content\/uploads\/2019\/05\/Samr\u00e5dsinbjudan-F\u00f6rskola-Hagen-1.jpeg\" class=\"wp-block-file__button wp-element-button\" download>Ladda ner<\/a><\/div>\n\n\n\n<div class=\"wp-block-file\"><a href=\"http:\/\/www.aef.nu\/wp-content\/uploads\/2019\/05\/Samr\u00e5dsinbjudan-F\u00f6rskola-Hagen-2.jpeg\">Samr\u00e5dsinbjudan-F\u00f6rskola-Hagen-2<\/a><a href=\"http:\/\/www.aef.nu\/wp-content\/uploads\/2019\/05\/Samr\u00e5dsinbjudan-F\u00f6rskola-Hagen-2.jpeg\" class=\"wp-block-file__button wp-element-button\" download>Ladda ner<\/a><\/div>\n\n\n<p><!--EndFragment--><\/p>\n<p>\u00c5ter till <a href=\"http:\/\/www.aef.nu\/?page_id=181\">Projektsidan<\/a>.<\/p>","protected":false},"excerpt":{"rendered":"<p>I somras kunde vi se att f\u00f6rskolan n\u00e4rmast Hagens sp\u00e5rvagnsh\u00e5llplats revs. Det verkar vara f\u00f6rsta steget i en renovering av hela Hagens-kolan-omr\u00e5det. Vi f\u00f6ljer \u00e4rendet. Se bilagan i inl\u00e4gget https:\/\/www.aef.nu\/?p=5858 Inbjudan till samr\u00e5d om f\u00f6rskolan vid Hagens Pr\u00e4stv\u00e4g \u00c4EF har f\u00e5tt en inbjudan till samr\u00e5d, men vid styrelsem\u00f6tet best\u00e4mde vi att vi inte har n\u00e5gra [&hellip;]<\/p>\n","protected":false},"author":1,"featured_media":352,"parent":0,"menu_order":0,"comment_status":"closed","ping_status":"closed","template":"","meta":{"footnotes":""},"class_list":["post-192","page","type-page","status-publish","has-post-thumbnail","hentry","post","post-with-thumbnail","post-with-thumbnail-large"],"_links":{"self":[{"href":"https:\/\/www.aef.nu\/index.php?rest_route=\/wp\/v2\/pages\/192","targetHints":{"allow":["GET"]}}],"collection":[{"href":"https:\/\/www.aef.nu\/index.php?rest_route=\/wp\/v2\/pages"}],"about":[{"href":"https:\/\/www.aef.nu\/index.php?rest_route=\/wp\/v2\/types\/page"}],"author":[{"embeddable":true,"href":"https:\/\/www.aef.nu\/index.php?rest_route=\/wp\/v2\/users\/1"}],"replies":[{"embeddable":true,"href":"https:\/\/www.aef.nu\/index.php?rest_route=%2Fwp%2Fv2%2Fcomments&post=192"}],"version-history":[{"count":7,"href":"https:\/\/www.aef.nu\/index.php?rest_route=\/wp\/v2\/pages\/192\/revisions"}],"predecessor-version":[{"id":5873,"href":"https:\/\/www.aef.nu\/index.php?rest_route=\/wp\/v2\/pages\/192\/revisions\/5873"}],"wp:featuredmedia":[{"embeddable":true,"href":"https:\/\/www.aef.nu\/index.php?rest_route=\/wp\/v2\/media\/352"}],"wp:attachment":[{"href":"https:\/\/www.aef.nu\/index.php?rest_route=%2Fwp%2Fv2%2Fmedia&parent=192"}],"curies":[{"name":"wp","href":"https:\/\/api.w.org\/{rel}","templated":true}]}}