{"id":190,"date":"2019-02-07T22:31:36","date_gmt":"2019-02-07T21:31:36","guid":{"rendered":"http:\/\/www.aef.nu\/?page_id=190"},"modified":"2021-02-24T18:35:10","modified_gmt":"2021-02-24T17:35:10","slug":"pavelunds-idrottscentrum","status":"publish","type":"page","link":"https:\/\/www.aef.nu\/?page_id=190","title":{"rendered":"P\u00e5velunds idrottscentrum"},"content":{"rendered":"\n<h2 class=\"wp-block-heading\">\u00c4nnu inget konkret material, vi jobbar p\u00e5 det<\/h2>\n\n\n\n<p>Februari 2021: Detta projekt f\u00f6refaller ha blivit inkorporerat i det projekt som ligger under fliken &#8221;<a href=\"http:\/\/www.aef.nu\/wp-admin\/post.php?post=194&amp;action=edit\" data-type=\"URL\" data-id=\"http:\/\/www.aef.nu\/wp-admin\/post.php?post=194&amp;action=edit\">Redegatan, nya bost\u00e4der, service mm<\/a>&#8221; <\/p>\n\n\n\n<p>\u00c5ter till <a href=\"http:\/\/www.aef.nu\/?page_id=181\">Projektsidan<\/a>.<\/p>\n","protected":false},"excerpt":{"rendered":"<p>\u00c4nnu inget konkret material, vi jobbar p\u00e5 det Februari 2021: Detta projekt f\u00f6refaller ha blivit inkorporerat i det projekt som ligger under fliken &#8221;Redegatan, nya bost\u00e4der, service mm&#8221; \u00c5ter till Projektsidan.<\/p>\n","protected":false},"author":1,"featured_media":0,"parent":0,"menu_order":0,"comment_status":"closed","ping_status":"closed","template":"","meta":{"footnotes":""},"class_list":["post-190","page","type-page","status-publish","hentry","post"],"_links":{"self":[{"href":"https:\/\/www.aef.nu\/index.php?rest_route=\/wp\/v2\/pages\/190","targetHints":{"allow":["GET"]}}],"collection":[{"href":"https:\/\/www.aef.nu\/index.php?rest_route=\/wp\/v2\/pages"}],"about":[{"href":"https:\/\/www.aef.nu\/index.php?rest_route=\/wp\/v2\/types\/page"}],"author":[{"embeddable":true,"href":"https:\/\/www.aef.nu\/index.php?rest_route=\/wp\/v2\/users\/1"}],"replies":[{"embeddable":true,"href":"https:\/\/www.aef.nu\/index.php?rest_route=%2Fwp%2Fv2%2Fcomments&post=190"}],"version-history":[{"count":7,"href":"https:\/\/www.aef.nu\/index.php?rest_route=\/wp\/v2\/pages\/190\/revisions"}],"predecessor-version":[{"id":2011,"href":"https:\/\/www.aef.nu\/index.php?rest_route=\/wp\/v2\/pages\/190\/revisions\/2011"}],"wp:attachment":[{"href":"https:\/\/www.aef.nu\/index.php?rest_route=%2Fwp%2Fv2%2Fmedia&parent=190"}],"curies":[{"name":"wp","href":"https:\/\/api.w.org\/{rel}","templated":true}]}}