{"id":186,"date":"2019-02-07T22:32:10","date_gmt":"2019-02-07T21:32:10","guid":{"rendered":"http:\/\/www.aef.nu\/?page_id=186"},"modified":"2021-02-26T16:06:51","modified_gmt":"2021-02-26T15:06:51","slug":"saltholmen","status":"publish","type":"page","link":"https:\/\/www.aef.nu\/?page_id=186","title":{"rendered":"Saltholmen"},"content":{"rendered":"\n<p><strong>Februari 2020<\/strong>: Parkeringsbolaget har en annan vision. F\u00f6lj <a href=\"https:\/\/www.parkeringgoteborg.se\/saltholmen\/\">l\u00e4nken h\u00e4r<\/a>.<\/p>\n\n\n\n<h2 class=\"wp-block-heading\">\u00c4EFs vision f\u00f6r Saltholmen 2019<\/h2>\n\n\n<p><!--StartFragment--><\/p>\n\n\n<p>Saltholmen \u00e4r det n\u00e4rmsta man kan komma till sk\u00e4rg\u00e5rden utan att \u00e5ka b\u00e5t. D\u00e4r finns park, utsiktsplats, kallbad och en gammal tennisbana. Men den har f\u00f6rfallit. Promenadv\u00e4garna \u00e4r eroderade och oj\u00e4mna, delen mot sp\u00e5rvagnsh\u00e5llplatsen \u00e4r omvandlad till parkering. Parken och bergen har f\u00f6rbuskats. \u00c4EF vill verka f\u00f6r att Saltholmen blir mer attraktiv, och vi har d\u00e4rf\u00f6r tagit fram en vision. Det \u00e4r just detta, en vision, med ett antal id\u00e9er. Det finns s\u00e4kert fler id\u00e9er och \u00e5sikter som givetvis \u00e4r v\u00e4lkomna, men detta \u00e4r en b\u00f6r\/jan i alla fall.<\/p>\n\n\n\n<ul class=\"wp-block-list\"><li><strong>\u00c4EFs vision f\u00f6r Saltholmen: <\/strong> <\/li><li><strong>En egen plats, ett m\u00e5l i sig<\/strong> <\/li><li>Dit man vill \u00e5ka eller promenera <\/li><li>D\u00e4r man KAN promenera <\/li><li>D\u00e4r man kan bada, sommar som vinter, varmt eller kallt <\/li><li>D\u00e4r det finns utrymme f\u00f6r vila och rekreation <\/li><li>D\u00e4r man slipper frysa i bl\u00e5sten och \u00e4nd\u00e5 njuta av utsikten <\/li><li>Dit man vill ta sina g\u00e4ster p\u00e5 bes\u00f6k <\/li><\/ul>\n\n\n<p><!--EndFragment-->Vi har \u00e4ven en dialog med sk\u00e4rgordsborna genom S\u00f6dra Sk\u00e4rg\u00e5rden i Samverkan. D\u00e4r har vi delvis gemensamma m\u00e5l, t ex att \u00f6ka antalet ang\u00f6ringspunkter f\u00f6r sk\u00e4rg\u00e5rstrafiken, s\u00e5som Fiskeb\u00e4ck, Arendal, Klippan etc. Vi st\u00f6der ocks\u00e5 m\u00f6jligheten att \u00f6ka hastigheten f\u00f6r sk\u00e4rg\u00e5rdsb\u00e5tar in till Stenpiren, s\u00e5 att man kan g\u00f6ra reella tidsvinster genom att ta b\u00e5ten in till stan.<\/p>\n\n\n<figure class=\"wp-block-image\"><img loading=\"lazy\" decoding=\"async\" width=\"1024\" height=\"768\" src=\"http:\/\/www.aef.nu\/wp-content\/uploads\/2019\/06\/IMG_4248-1024x768.jpg\" alt=\"\" class=\"wp-image-444\" srcset=\"https:\/\/www.aef.nu\/wp-content\/uploads\/2019\/06\/IMG_4248-1024x768.jpg 1024w, https:\/\/www.aef.nu\/wp-content\/uploads\/2019\/06\/IMG_4248-300x225.jpg 300w, https:\/\/www.aef.nu\/wp-content\/uploads\/2019\/06\/IMG_4248-768x576.jpg 768w\" sizes=\"auto, (max-width: 1024px) 100vw, 1024px\" \/><\/figure>\n\n\n\n<p><strong> Breaking news: <\/strong>Kaf\u00e9et i parken har v\u00e5ren 2019 ombildats till en liten restaurang som heter Paradiset.  D\u00e4r kan man nu \u00e4ta en pizza och ta ett glas vin! <\/p>\n\n\n\n<p><\/p>\n\n\n\n<p>\u00c5ter till <a href=\"http:\/\/www.aef.nu\/?page_id=181\">Projektsidan<\/a>.<\/p>\n","protected":false},"excerpt":{"rendered":"<p>Februari 2020: Parkeringsbolaget har en annan vision. F\u00f6lj l\u00e4nken h\u00e4r. \u00c4EFs vision f\u00f6r Saltholmen 2019 Saltholmen \u00e4r det n\u00e4rmsta man kan komma till sk\u00e4rg\u00e5rden utan att \u00e5ka b\u00e5t. D\u00e4r finns park, utsiktsplats, kallbad och en gammal tennisbana. Men den har f\u00f6rfallit. Promenadv\u00e4garna \u00e4r eroderade och oj\u00e4mna, delen mot sp\u00e5rvagnsh\u00e5llplatsen \u00e4r omvandlad till parkering. Parken och [&hellip;]<\/p>\n","protected":false},"author":1,"featured_media":0,"parent":0,"menu_order":0,"comment_status":"closed","ping_status":"closed","template":"","meta":{"footnotes":""},"class_list":["post-186","page","type-page","status-publish","hentry","post"],"_links":{"self":[{"href":"https:\/\/www.aef.nu\/index.php?rest_route=\/wp\/v2\/pages\/186","targetHints":{"allow":["GET"]}}],"collection":[{"href":"https:\/\/www.aef.nu\/index.php?rest_route=\/wp\/v2\/pages"}],"about":[{"href":"https:\/\/www.aef.nu\/index.php?rest_route=\/wp\/v2\/types\/page"}],"author":[{"embeddable":true,"href":"https:\/\/www.aef.nu\/index.php?rest_route=\/wp\/v2\/users\/1"}],"replies":[{"embeddable":true,"href":"https:\/\/www.aef.nu\/index.php?rest_route=%2Fwp%2Fv2%2Fcomments&post=186"}],"version-history":[{"count":5,"href":"https:\/\/www.aef.nu\/index.php?rest_route=\/wp\/v2\/pages\/186\/revisions"}],"predecessor-version":[{"id":2023,"href":"https:\/\/www.aef.nu\/index.php?rest_route=\/wp\/v2\/pages\/186\/revisions\/2023"}],"wp:attachment":[{"href":"https:\/\/www.aef.nu\/index.php?rest_route=%2Fwp%2Fv2%2Fmedia&parent=186"}],"curies":[{"name":"wp","href":"https:\/\/api.w.org\/{rel}","templated":true}]}}