{"id":181,"date":"2019-02-07T22:30:23","date_gmt":"2019-02-07T21:30:23","guid":{"rendered":"http:\/\/www.aef.nu\/?page_id=181"},"modified":"2026-03-31T04:27:08","modified_gmt":"2026-03-31T02:27:08","slug":"projekt-vi-arbetar-med","status":"publish","type":"page","link":"https:\/\/www.aef.nu\/","title":{"rendered":"P\u00e5 G i \u00c4lvsborg"},"content":{"rendered":"\n<p>SENASTE <\/p>\n\n\n<ul class=\"wp-block-latest-posts__list wp-block-latest-posts\"><li><a class=\"wp-block-latest-posts__post-title\" href=\"https:\/\/www.aef.nu\/?p=6370\">M\u00f6te om Redegatan med utvecklingskonsortiet 2025-12-17<\/a><\/li>\n<li><a class=\"wp-block-latest-posts__post-title\" href=\"https:\/\/www.aef.nu\/?p=6291\">Bor du i L\u00e5ngedrag?<\/a><\/li>\n<li><a class=\"wp-block-latest-posts__post-title\" href=\"https:\/\/www.aef.nu\/?p=6285\">\u00c4ngholmsparken &#8211; ombyggnad av avlopp f\u00f6rdyrat och f\u00f6rsenat<\/a><\/li>\n<li><a class=\"wp-block-latest-posts__post-title\" href=\"https:\/\/www.aef.nu\/?p=6168\">T\u00e5nguddens b\u00e5tuppl\u00e4ggning l\u00e4gger ner<\/a><\/li>\n<\/ul>\n\n\n<hr class=\"wp-block-separator has-alpha-channel-opacity\"\/>\n\n\n\n<h2 class=\"wp-block-heading\">\u00c4EF \u00e5rsm\u00f6te 24 mars 2026<\/h2>\n\n\n\n<p>\u00c4EF h\u00e5ller \u00e5rsm\u00f6te f\u00f6r medlemmarna den 24 mars 2026, klockan 18:30 <br>Stora salen, \u00c4lvsborgs kyrkas f\u00f6rsamlingshem.<\/p>\n\n\n\n<p>Vi h\u00e4lsar er v\u00e4lkomna till \u00e5rsm\u00f6tet 2026 med f\u00f6ljande agenda:<br>1. M\u00f6tets \u00f6ppnande, introduktion, s\u00e4kerhetsfr\u00e5gor (Ordf\u00f6rande Johan Boman)<br>2. Formellt \u00e5rsm\u00f6te enligt dagordning<br>3. Fika och mingel<br>4. Hans-J\u00f6rgen Ostler fr\u00e5n polisen ber\u00e4ttar om och diskuterar brott mot \u00e4ldre.<\/p>\n\n\n\n<p>En kallelse med dagordning, verksamhetsber\u00e4ttelse, ekonomisk rapport och revisionsrapport skickas till medlemmarna.<\/p>\n\n\n\n<p>Alla medlemmar \u00e4r hj\u00e4rtligt v\u00e4lkomna!<\/p>\n\n\n\n<p>\u00c4lvsborgs Egnahemsf\u00f6rening<\/p>\n\n\n\n<p>Johan Boman<br>Ordf\u00f6rande<\/p>\n\n\n\n<p><a href=\"https:\/\/www.aef.nu\/wp-content\/uploads\/2026\/03\/Inbjudan-till-arsmote-i-Alvsborgs-Egnahemsforening-tisdag-24-mars-2026.pdf\">Inbjudan<\/a>,&nbsp;<a href=\"https:\/\/www.aef.nu\/wp-content\/uploads\/2026\/03\/DAGORDNING-FOR-AEF-ARSMOTE-2026.pdf\">dagordning<\/a>,&nbsp;<a href=\"https:\/\/www.aef.nu\/wp-content\/uploads\/2026\/03\/Verksamhetsberattelse-for-2025-till-arsmotet-2026.pdf\">verksamhetsber\u00e4ttelse<\/a>, f\u00f6rslag p\u00e5 styrelse och&nbsp;<a href=\"https:\/\/www.aef.nu\/wp-content\/uploads\/2026\/03\/Revisionsberattelse-AEF-2025.pdf\">revisionsber\u00e4ttelse&nbsp;<\/a>finns att ladda ner via l\u00e4nkarna i texten.<\/p>\n\n\n\n<p>Ekonomirapporterna har endast skickats ut till medlemmar.<\/p>\n\n\n\n<hr class=\"wp-block-separator has-alpha-channel-opacity\"\/>\n\n\n\n<h2 class=\"wp-block-heading\">Utfallet av extra st\u00e4mma i \u00c4lvsborgs Egnahemsf\u00f6rening den 3 februari 2026<\/h2>\n\n\n\n<p>\u00c4EFs styrelse f\u00f6reslog att vi tar bort kravet p\u00e5 extern revisor ur v\u00e5ra stadgar. Beslut m\u00e5ste tas p\u00e5 tv\u00e5 p\u00e5 varandra f\u00f6ljande st\u00e4mmor, och st\u00e4mman den 3 februari var den f\u00f6rsta. <\/p>\n\n\n\n<p>Efter en livfull diskussion r\u00f6stade st\u00e4mman om styrelsens f\u00f6rslag. Utfallet blev att st\u00e4mman inte antog styrelsens f\u00f6rslag. Samtidigt anm\u00e4lde sig ett par personer som revisorer, s\u00e5 behovet av en stadge\u00e4ndring f\u00f6religger inte l\u00e4ngre.<\/p>\n\n\n\n<p>Styrelsen, \u00c4lvsborgs Egnahemsf\u00f6rening<\/p>\n\n\n\n<p>Johan Boman, <a href=\"mailto:ordforande@aef.nu\">ordforande@aef.nu<\/a><\/p>\n\n\n\n<hr class=\"wp-block-separator has-alpha-channel-opacity\"\/>\n\n\n\n<p>Du kan bli medlem i \u00c4EF f\u00f6r 2026, genom att betala 150 kr till v\u00e5rt Bankgiro: 5159-2152, \u00c4lvsborgs Egnahemsf\u00f6rening, eller skanna QR-koden.<\/p>\n\n\n\n<figure class=\"wp-block-image size-full is-resized\"><img loading=\"lazy\" decoding=\"async\" width=\"625\" height=\"945\" src=\"https:\/\/www.aef.nu\/wp-content\/uploads\/2025\/12\/swish-QR-small-AEF-medlem-2026.png\" alt=\"\" class=\"wp-image-6350\" style=\"width:200px\" srcset=\"https:\/\/www.aef.nu\/wp-content\/uploads\/2025\/12\/swish-QR-small-AEF-medlem-2026.png 625w, https:\/\/www.aef.nu\/wp-content\/uploads\/2025\/12\/swish-QR-small-AEF-medlem-2026-198x300.png 198w\" sizes=\"auto, (max-width: 625px) 100vw, 625px\" \/><\/figure>\n\n\n\n\n\n<hr class=\"wp-block-separator has-alpha-channel-opacity\"\/>\n","protected":false},"excerpt":{"rendered":"<p>SENASTE \u00c4EF \u00e5rsm\u00f6te 24 mars 2026 \u00c4EF h\u00e5ller \u00e5rsm\u00f6te f\u00f6r medlemmarna den 24 mars 2026, klockan 18:30 Stora salen, \u00c4lvsborgs kyrkas f\u00f6rsamlingshem. Vi h\u00e4lsar er v\u00e4lkomna till \u00e5rsm\u00f6tet 2026 med f\u00f6ljande agenda:1. M\u00f6tets \u00f6ppnande, introduktion, s\u00e4kerhetsfr\u00e5gor (Ordf\u00f6rande Johan Boman)2. Formellt \u00e5rsm\u00f6te enligt dagordning3. Fika och mingel4. Hans-J\u00f6rgen Ostler fr\u00e5n polisen ber\u00e4ttar om och diskuterar brott [&hellip;]<\/p>\n","protected":false},"author":1,"featured_media":0,"parent":0,"menu_order":0,"comment_status":"closed","ping_status":"closed","template":"","meta":{"footnotes":""},"class_list":["post-181","page","type-page","status-publish","hentry","post"],"_links":{"self":[{"href":"https:\/\/www.aef.nu\/index.php?rest_route=\/wp\/v2\/pages\/181","targetHints":{"allow":["GET"]}}],"collection":[{"href":"https:\/\/www.aef.nu\/index.php?rest_route=\/wp\/v2\/pages"}],"about":[{"href":"https:\/\/www.aef.nu\/index.php?rest_route=\/wp\/v2\/types\/page"}],"author":[{"embeddable":true,"href":"https:\/\/www.aef.nu\/index.php?rest_route=\/wp\/v2\/users\/1"}],"replies":[{"embeddable":true,"href":"https:\/\/www.aef.nu\/index.php?rest_route=%2Fwp%2Fv2%2Fcomments&post=181"}],"version-history":[{"count":210,"href":"https:\/\/www.aef.nu\/index.php?rest_route=\/wp\/v2\/pages\/181\/revisions"}],"predecessor-version":[{"id":6423,"href":"https:\/\/www.aef.nu\/index.php?rest_route=\/wp\/v2\/pages\/181\/revisions\/6423"}],"wp:attachment":[{"href":"https:\/\/www.aef.nu\/index.php?rest_route=%2Fwp%2Fv2%2Fmedia&parent=181"}],"curies":[{"name":"wp","href":"https:\/\/api.w.org\/{rel}","templated":true}]}}